{"id":10982,"date":"2015-04-16T21:55:14","date_gmt":"2015-04-16T21:55:14","guid":{"rendered":"https:\/\/www.maripepadechamberi.com\/?page_id=10982"},"modified":"2026-02-14T19:15:53","modified_gmt":"2026-02-14T19:15:53","slug":"some-news-and-events","status":"publish","type":"page","link":"https:\/\/www.maripepadechamberi.com\/?page_id=10982","title":{"rendered":"Some news and events"},"content":{"rendered":"<p style=\"text-align: right;\"><a href=\"https:\/\/www.maripepadechamberi.com\/?page_id=9576\" class=\"sc-button light\" style=\"background-color: #ffffff; border-color: #ffffff; width: 80px; \"><span class=\"border\"><span class=\"wrap\"><span class=\"title\" style=\"color: #CC0000;\">ESPA\u00d1OL<\/span><span class=\"description\"><\/span><\/span><\/span><\/a><\/p>\n<h1 style=\"text-align: center;\"><span style=\"font-family: 'trebuchet ms', geneva, sans-serif; font-size: 14pt;\">December, 19 \/ 2025 \u2013 Cultural Center La Elipa (Madrid)<\/span><\/h1>\n<p style=\"text-align: center;\"><span style=\"font-size: 12pt; font-family: 'trebuchet ms', geneva, sans-serif;\">A lovely encounter with the wonderful audience at the \u00abLa Elipa\u00bb cultural center, in a festive atmosphere filled with singing and good times.<\/span><\/p>\n<p style=\"text-align: center;\"><span style=\"font-size: 12pt; font-family: 'trebuchet ms', geneva, sans-serif;\">(Photos: Nieves Mart\u00ednez)<\/span><\/p>\n<p><a href=\"https:\/\/www.maripepadechamberi.com\/wp-content\/uploads\/2026\/02\/montajeelipa25.jpg\"><img loading=\"lazy\" decoding=\"async\" class=\"aligncenter size-full wp-image-13094\" src=\"https:\/\/www.maripepadechamberi.com\/wp-content\/uploads\/2026\/02\/montajeelipa25.jpg\" alt=\"\" width=\"583\" height=\"768\" srcset=\"https:\/\/www.maripepadechamberi.com\/wp-content\/uploads\/2026\/02\/montajeelipa25.jpg 583w, https:\/\/www.maripepadechamberi.com\/wp-content\/uploads\/2026\/02\/montajeelipa25-768x1011.jpg 768w\" sizes=\"auto, (max-width: 583px) 100vw, 583px\" \/><\/a><\/p>\n<hr \/>\n<h1 style=\"text-align: center;\"><span style=\"font-family: 'trebuchet ms', geneva, sans-serif; font-size: 14pt;\">December, 12 \/ 2025 \u2013 Cultural Center Almirante Churruca &#8211; Tribute to Gloria Fuertes<\/span><\/h1>\n<p style=\"text-align: center;\"><span style=\"font-size: 12pt; font-family: 'trebuchet ms', geneva, sans-serif;\">A truly heartwarming concert with a wonderful audience who interacted with Mari Pepa throughout the entire show.<\/span><\/p>\n<p style=\"text-align: center;\"><span style=\"font-size: 12pt; font-family: 'trebuchet ms', geneva, sans-serif;\">Madrid songs, poems, Christmas carols, and songs composed by Gloria Fuertes and Mari Pepa delighted the audience.<\/span><\/p>\n<p style=\"text-align: center;\"><span style=\"font-size: 12pt; font-family: 'trebuchet ms', geneva, sans-serif;\">(Photos: Nieves Mart\u00ednez)<\/span><\/p>\n<p><a href=\"https:\/\/www.maripepadechamberi.com\/wp-content\/uploads\/2026\/02\/montajechurruca2025111.jpg\"><img loading=\"lazy\" decoding=\"async\" class=\"aligncenter size-full wp-image-13091\" src=\"https:\/\/www.maripepadechamberi.com\/wp-content\/uploads\/2026\/02\/montajechurruca2025111.jpg\" alt=\"\" width=\"583\" height=\"768\" srcset=\"https:\/\/www.maripepadechamberi.com\/wp-content\/uploads\/2026\/02\/montajechurruca2025111.jpg 583w, https:\/\/www.maripepadechamberi.com\/wp-content\/uploads\/2026\/02\/montajechurruca2025111-768x1011.jpg 768w\" sizes=\"auto, (max-width: 583px) 100vw, 583px\" \/><\/a><\/p>\n<hr \/>\n<h1 style=\"text-align: center;\"><span style=\"font-family: 'trebuchet ms', geneva, sans-serif; font-size: 14pt;\">December, 5 \/ 2025 \u2013 Cultural Center \u00c1gata ( Madrid ) &#8211; Traditional Madrid Christmast<\/span><\/h1>\n<p style=\"text-align: center;\"><span style=\"font-size: 12pt; font-family: 'trebuchet ms', geneva, sans-serif;\">A very joyful and engaging Christmas concert.<\/span><\/p>\n<p style=\"text-align: center;\"><span style=\"font-size: 12pt; font-family: 'trebuchet ms', geneva, sans-serif;\">Traditional Madrid songs, poems, popular carols, and compositions by Mari Pepa led the audience through a cheerful and highly interactive show.<\/span><\/p>\n<p style=\"text-align: center;\"><span style=\"font-size: 12pt; font-family: 'trebuchet ms', geneva, sans-serif;\">Lots of applause, lots of affection, and lots of emotion. A beautiful memory!<\/span><\/p>\n<p style=\"text-align: center;\"><span style=\"font-size: 12pt; font-family: 'trebuchet ms', geneva, sans-serif;\">(Photos: Nieves Mart\u00ednez)<\/span><\/p>\n<p><a href=\"https:\/\/www.maripepadechamberi.com\/wp-content\/uploads\/2026\/02\/montajeagata25.jpg\"><img loading=\"lazy\" decoding=\"async\" class=\"aligncenter size-full wp-image-13088\" src=\"https:\/\/www.maripepadechamberi.com\/wp-content\/uploads\/2026\/02\/montajeagata25.jpg\" alt=\"\" width=\"583\" height=\"768\" srcset=\"https:\/\/www.maripepadechamberi.com\/wp-content\/uploads\/2026\/02\/montajeagata25.jpg 583w, https:\/\/www.maripepadechamberi.com\/wp-content\/uploads\/2026\/02\/montajeagata25-768x1011.jpg 768w\" sizes=\"auto, (max-width: 583px) 100vw, 583px\" \/><\/a><\/p>\n<hr \/>\n<h1 style=\"text-align: center;\"><span style=\"font-family: 'trebuchet ms', geneva, sans-serif; font-size: 14pt;\">November,21 \/ 2025 \u2013 Cultural Center Bohemios ( Madrid )<\/span><\/h1>\n<p style=\"text-align: center;\"><span style=\"font-size: 12pt; font-family: 'trebuchet ms', geneva, sans-serif;\">A wonderful afternoon!<\/span><\/p>\n<p style=\"text-align: center;\"><span style=\"font-size: 12pt; font-family: 'trebuchet ms', geneva, sans-serif;\">Thanks to an audience that warmly welcomed Mari Pepa with her tribute show to Sara Montiel and participated by singing along throughout the performance.<\/span><\/p>\n<p><a href=\"https:\/\/www.maripepadechamberi.com\/wp-content\/uploads\/2026\/02\/montajebohemios25.jpg\"><img loading=\"lazy\" decoding=\"async\" class=\"aligncenter size-full wp-image-13083\" src=\"https:\/\/www.maripepadechamberi.com\/wp-content\/uploads\/2026\/02\/montajebohemios25.jpg\" alt=\"\" width=\"583\" height=\"768\" srcset=\"https:\/\/www.maripepadechamberi.com\/wp-content\/uploads\/2026\/02\/montajebohemios25.jpg 583w, https:\/\/www.maripepadechamberi.com\/wp-content\/uploads\/2026\/02\/montajebohemios25-768x1011.jpg 768w\" sizes=\"auto, (max-width: 583px) 100vw, 583px\" \/><\/a><\/p>\n<hr \/>\n<h1 style=\"text-align: center;\"><span style=\"font-family: 'trebuchet ms', geneva, sans-serif; font-size: 14pt;\">November, 3 \/ 2025 \u2013<\/span><span lang=\"en\" style=\"font-size: 14pt; font-family: 'trebuchet ms', geneva, sans-serif;\"> 175th Anniversary of the Chotis &#8211; Plaza de Oriente (Madrid)<\/span><\/h1>\n<p style=\"text-align: center;\"><span style=\"font-size: 12pt; font-family: 'trebuchet ms', geneva, sans-serif;\">Images from the event in Plaza de Oriente, celebrating the 175th anniversary of the arrival of the chotis in Madrid. A very special and well-attended event that filled Plaza de Oriente with locals dressed in traditional Madrid attire, and many attendees showing their support. Long live Madrid, long live the chotis, and a very special shout-out to those who continue to keep it alive!<\/span><\/p>\n<p style=\"text-align: center;\"><span style=\"font-size: 12pt; font-family: 'trebuchet ms', geneva, sans-serif;\">Long live Madrid, long live the chotis, and a very special shout-out to those who keep it alive!<\/span><\/p>\n<p><a href=\"https:\/\/www.maripepadechamberi.com\/wp-content\/uploads\/2026\/01\/montajeoriente25.jpg\"><img loading=\"lazy\" decoding=\"async\" class=\"aligncenter size-full wp-image-13078\" src=\"https:\/\/www.maripepadechamberi.com\/wp-content\/uploads\/2026\/01\/montajeoriente25.jpg\" alt=\"\" width=\"583\" height=\"768\" srcset=\"https:\/\/www.maripepadechamberi.com\/wp-content\/uploads\/2026\/01\/montajeoriente25.jpg 583w, https:\/\/www.maripepadechamberi.com\/wp-content\/uploads\/2026\/01\/montajeoriente25-768x1011.jpg 768w\" sizes=\"auto, (max-width: 583px) 100vw, 583px\" \/><\/a><\/p>\n<hr \/>\n<h1 style=\"text-align: center;\"><span style=\"font-family: 'trebuchet ms', geneva, sans-serif; font-size: 14pt;\">August, 17 \/ 2025 \u2013 Concert in the Vistillas Gardens<\/span><\/h1>\n<p style=\"text-align: center;\"><span style=\"font-size: 12pt; font-family: 'trebuchet ms', geneva, sans-serif;\">To close out the events of the La Paloma festival, Mari Pepa gave a concert in the Vistillas Gardens with a wonderful audience, who enjoyed joining her in every song, creating a very festive atmosphere<\/span><\/p>\n<p><a href=\"https:\/\/www.maripepadechamberi.com\/wp-content\/uploads\/2025\/11\/paloma62025.jpg\"><img loading=\"lazy\" decoding=\"async\" class=\"aligncenter size-full wp-image-13064\" src=\"https:\/\/www.maripepadechamberi.com\/wp-content\/uploads\/2025\/11\/paloma62025.jpg\" alt=\"\" width=\"583\" height=\"768\" srcset=\"https:\/\/www.maripepadechamberi.com\/wp-content\/uploads\/2025\/11\/paloma62025.jpg 583w, https:\/\/www.maripepadechamberi.com\/wp-content\/uploads\/2025\/11\/paloma62025-768x1011.jpg 768w\" sizes=\"auto, (max-width: 583px) 100vw, 583px\" \/><\/a><\/p>\n<hr \/>\n<h1 style=\"text-align: center;\"><span style=\"font-family: 'trebuchet ms', geneva, sans-serif; font-size: 14pt;\">August,15 \/ 2025 \u2013 Popular Virgin Day in Madrid\u00a0<\/span><\/h1>\n<p style=\"text-align: center;\"><span style=\"font-family: 'trebuchet ms', geneva, sans-serif; font-size: 12pt;\">Mari Pepa sang her own Lord&#8217;s Prayer during High Mass and Hail Mary during the lowering of the statue by the Madrid firefighters.<\/span><\/p>\n<p style=\"text-align: center;\"><span style=\"font-family: 'trebuchet ms', geneva, sans-serif; font-size: 12pt;\">In the afternoon, she sang her own Salve in front of the statue of the Virgin of the Dove before it was taken out in procession.<\/span><\/p>\n<p><a href=\"https:\/\/www.maripepadechamberi.com\/wp-content\/uploads\/2025\/11\/paloma32025.jpg\"><img loading=\"lazy\" decoding=\"async\" class=\"aligncenter size-full wp-image-13057\" src=\"https:\/\/www.maripepadechamberi.com\/wp-content\/uploads\/2025\/11\/paloma32025.jpg\" alt=\"\" width=\"583\" height=\"687\" srcset=\"https:\/\/www.maripepadechamberi.com\/wp-content\/uploads\/2025\/11\/paloma32025.jpg 583w, https:\/\/www.maripepadechamberi.com\/wp-content\/uploads\/2025\/11\/paloma32025-768x905.jpg 768w\" sizes=\"auto, (max-width: 583px) 100vw, 583px\" \/><\/a><\/p>\n<p><a href=\"https:\/\/www.maripepadechamberi.com\/wp-content\/uploads\/2025\/11\/paloma42025.jpg\"><img loading=\"lazy\" decoding=\"async\" class=\"aligncenter size-full wp-image-13058\" src=\"https:\/\/www.maripepadechamberi.com\/wp-content\/uploads\/2025\/11\/paloma42025.jpg\" alt=\"\" width=\"583\" height=\"512\" srcset=\"https:\/\/www.maripepadechamberi.com\/wp-content\/uploads\/2025\/11\/paloma42025.jpg 583w, https:\/\/www.maripepadechamberi.com\/wp-content\/uploads\/2025\/11\/paloma42025-768x674.jpg 768w\" sizes=\"auto, (max-width: 583px) 100vw, 583px\" \/><\/a><\/p>\n<p style=\"text-align: center;\"><span style=\"font-size: 12pt; font-family: 'trebuchet ms', geneva, sans-serif;\">At midnight, she sang the Salve in front of the statue of the Virgin in the Plaza de la Paja.<\/span><\/p>\n<p><a href=\"https:\/\/www.maripepadechamberi.com\/wp-content\/uploads\/2025\/11\/paloma52025.jpg\"><img loading=\"lazy\" decoding=\"async\" class=\"aligncenter size-full wp-image-13059\" src=\"https:\/\/www.maripepadechamberi.com\/wp-content\/uploads\/2025\/11\/paloma52025.jpg\" alt=\"\" width=\"583\" height=\"745\" srcset=\"https:\/\/www.maripepadechamberi.com\/wp-content\/uploads\/2025\/11\/paloma52025.jpg 583w, https:\/\/www.maripepadechamberi.com\/wp-content\/uploads\/2025\/11\/paloma52025-768x981.jpg 768w\" sizes=\"auto, (max-width: 583px) 100vw, 583px\" \/><\/a><\/p>\n<hr \/>\n<h1 style=\"text-align: center;\"><span style=\"font-family: 'trebuchet ms', geneva, sans-serif; font-size: 14pt;\">August, 11 \/ 2025 \u2013 Castizo&#8217;s Day &amp; Chotis dance competition<\/span><\/h1>\n<p style=\"text-align: center;\"><span style=\"font-size: 12pt; font-family: 'trebuchet ms', geneva, sans-serif;\">The celebration of Mass on the day of Los Castizos was as moving as every year for the people who attended and for Mari Pepa, who sang the Mass songs she composed.<\/span><\/p>\n<p style=\"text-align: center;\"><a href=\"https:\/\/www.maripepadechamberi.com\/wp-content\/uploads\/2025\/11\/paloma12025.jpg\"><img loading=\"lazy\" decoding=\"async\" class=\"aligncenter size-full wp-image-13053\" src=\"https:\/\/www.maripepadechamberi.com\/wp-content\/uploads\/2025\/11\/paloma12025.jpg\" alt=\"\" width=\"583\" height=\"768\" srcset=\"https:\/\/www.maripepadechamberi.com\/wp-content\/uploads\/2025\/11\/paloma12025.jpg 583w, https:\/\/www.maripepadechamberi.com\/wp-content\/uploads\/2025\/11\/paloma12025-768x1011.jpg 768w\" sizes=\"auto, (max-width: 583px) 100vw, 583px\" \/><\/a><\/p>\n<p style=\"text-align: center;\"><span style=\"font-size: 12pt; font-family: 'trebuchet ms', geneva, sans-serif;\">After Mass, the 5th Chotis Competition, organized by the Virgen de la Paloma parish, was held with a large audience.<\/span><\/p>\n<p style=\"text-align: center;\"><span style=\"font-size: 12pt; font-family: 'trebuchet ms', geneva, sans-serif;\">Some images of the participants, the jury, and the contest winners.<\/span><\/p>\n<p><a href=\"https:\/\/www.maripepadechamberi.com\/wp-content\/uploads\/2025\/11\/paloma22025.jpg\"><img loading=\"lazy\" decoding=\"async\" class=\"aligncenter size-full wp-image-13054\" src=\"https:\/\/www.maripepadechamberi.com\/wp-content\/uploads\/2025\/11\/paloma22025.jpg\" alt=\"\" width=\"583\" height=\"725\" srcset=\"https:\/\/www.maripepadechamberi.com\/wp-content\/uploads\/2025\/11\/paloma22025.jpg 583w, https:\/\/www.maripepadechamberi.com\/wp-content\/uploads\/2025\/11\/paloma22025-768x955.jpg 768w\" sizes=\"auto, (max-width: 583px) 100vw, 583px\" \/><\/a><\/p>\n<hr \/>\n<h1 style=\"text-align: center;\"><span style=\"font-family: 'trebuchet ms', geneva, sans-serif; font-size: 14pt;\">May, 17 \/ 2025 \u2013 Cultural Center Oporto (Madrid)<\/span><\/h1>\n<p style=\"text-align: center;\"><span style=\"font-size: 12pt; font-family: 'trebuchet ms', geneva, sans-serif;\">A beautiful evening of concert with a packed house and a wonderful audience. Many familiar faces and great audience participation.<\/span><\/p>\n<p><a href=\"https:\/\/www.maripepadechamberi.com\/wp-content\/uploads\/2025\/06\/montajeoporto25.jpg\"><img loading=\"lazy\" decoding=\"async\" class=\"aligncenter size-full wp-image-13049\" src=\"https:\/\/www.maripepadechamberi.com\/wp-content\/uploads\/2025\/06\/montajeoporto25.jpg\" alt=\"\" width=\"583\" height=\"768\" srcset=\"https:\/\/www.maripepadechamberi.com\/wp-content\/uploads\/2025\/06\/montajeoporto25.jpg 583w, https:\/\/www.maripepadechamberi.com\/wp-content\/uploads\/2025\/06\/montajeoporto25-768x1011.jpg 768w\" sizes=\"auto, (max-width: 583px) 100vw, 583px\" \/><\/a><\/p>\n<hr \/>\n<h1 style=\"text-align: center;\"><span style=\"font-family: 'trebuchet ms', geneva, sans-serif; font-size: 14pt;\">May, 16 \/ 2025 \u2013 Cultural Center Almirante Churruca (Madrid)<\/span><\/h1>\n<p style=\"text-align: center;\"><span style=\"font-size: 12pt; font-family: 'trebuchet ms', geneva, sans-serif;\">A very successful concert, with a large audience that enjoyed Mari Pepa&#8217;s songs and was left wanting more. The atmosphere was very festive.<\/span><\/p>\n<p><a href=\"https:\/\/www.maripepadechamberi.com\/wp-content\/uploads\/2025\/06\/1churruca25.jpg\"><img loading=\"lazy\" decoding=\"async\" class=\"aligncenter size-full wp-image-13045\" src=\"https:\/\/www.maripepadechamberi.com\/wp-content\/uploads\/2025\/06\/1churruca25.jpg\" alt=\"\" width=\"583\" height=\"768\" srcset=\"https:\/\/www.maripepadechamberi.com\/wp-content\/uploads\/2025\/06\/1churruca25.jpg 583w, https:\/\/www.maripepadechamberi.com\/wp-content\/uploads\/2025\/06\/1churruca25-768x1011.jpg 768w\" sizes=\"auto, (max-width: 583px) 100vw, 583px\" \/><\/a><\/p>\n<p><a href=\"https:\/\/www.maripepadechamberi.com\/wp-content\/uploads\/2025\/06\/2churruca25.jpg\"><img loading=\"lazy\" decoding=\"async\" class=\"aligncenter size-full wp-image-13046\" src=\"https:\/\/www.maripepadechamberi.com\/wp-content\/uploads\/2025\/06\/2churruca25.jpg\" alt=\"\" width=\"583\" height=\"401\" srcset=\"https:\/\/www.maripepadechamberi.com\/wp-content\/uploads\/2025\/06\/2churruca25.jpg 583w, https:\/\/www.maripepadechamberi.com\/wp-content\/uploads\/2025\/06\/2churruca25-768x528.jpg 768w\" sizes=\"auto, (max-width: 583px) 100vw, 583px\" \/><\/a><\/p>\n<hr \/>\n<h1 style=\"text-align: center;\"><span style=\"font-family: 'trebuchet ms', geneva, sans-serif; font-size: 14pt;\">May, 15 \/ 2025 \u2013 Saint Isidro&#8217;s Day 2025 \u2013 Las Vistillas Gardens (Madrid)<\/span><\/h1>\n<p style=\"text-align: center;\"><span style=\"font-size: 12pt; font-family: 'trebuchet ms', geneva, sans-serif;\">A memorable concert, a packed venue with a wonderful audience; many young people dressed in traditional costumes, constantly participating in the show with their singing, making the gala an outpouring of joy and a constant display of affection and admiration for Mari Pepa, who, very moved, thanked them and said goodbye after a few encores.<\/span><\/p>\n<p style=\"text-align: center;\"><a href=\"https:\/\/www.maripepadechamberi.com\/wp-content\/uploads\/2025\/06\/montsanisidro251.jpg\"><img loading=\"lazy\" decoding=\"async\" class=\"aligncenter size-full wp-image-13041\" src=\"https:\/\/www.maripepadechamberi.com\/wp-content\/uploads\/2025\/06\/montsanisidro251.jpg\" sizes=\"auto, (max-width: 583px) 100vw, 583px\" srcset=\"https:\/\/www.maripepadechamberi.com\/wp-content\/uploads\/2025\/06\/montsanisidro251.jpg 583w, https:\/\/www.maripepadechamberi.com\/wp-content\/uploads\/2025\/06\/montsanisidro251-768x1011.jpg 768w\" alt=\"\" width=\"583\" height=\"768\" \/><\/a><\/p>\n<p style=\"text-align: center;\"><span style=\"font-size: 12pt; font-family: 'trebuchet ms', geneva, sans-serif;\">Miguel Tub\u00eda, as always, brilliant on the piano, and Esther and Jes\u00fas M\u00e1rquez delighted the audience with their masterful dancing of chotis and pasodobles.<\/span><\/p>\n<p><a href=\"https:\/\/www.maripepadechamberi.com\/wp-content\/uploads\/2025\/06\/montsanisidro252.jpg\"><img loading=\"lazy\" decoding=\"async\" class=\"aligncenter size-full wp-image-13042\" src=\"https:\/\/www.maripepadechamberi.com\/wp-content\/uploads\/2025\/06\/montsanisidro252.jpg\" sizes=\"auto, (max-width: 583px) 100vw, 583px\" srcset=\"https:\/\/www.maripepadechamberi.com\/wp-content\/uploads\/2025\/06\/montsanisidro252.jpg 583w, https:\/\/www.maripepadechamberi.com\/wp-content\/uploads\/2025\/06\/montsanisidro252-768x1011.jpg 768w\" alt=\"\" width=\"583\" height=\"768\" \/><\/a><\/p>\n<hr \/>\n<h1 style=\"text-align: center;\"><span style=\"font-family: 'trebuchet ms', geneva, sans-serif; font-size: 14pt;\">March, 8 \/ 2025 \u2013 Castiza y poeta \u2013 C.C. Garc\u00eda Lorca (Madrid)<\/span><\/h1>\n<p style=\"text-align: center;\"><span style=\"font-size: 12pt; font-family: 'trebuchet ms', geneva, sans-serif;\">Mari Pepa&#8217;s tribute concert to the great poet Gloria Fuertes at the Garc\u00eda Lorca Center in Madrid was heartwarming and successful.<\/span><\/p>\n<p style=\"text-align: center;\"><span style=\"font-family: 'trebuchet ms', geneva, sans-serif; font-size: 12pt;\"><a href=\"https:\/\/www.maripepadechamberi.com\/wp-content\/uploads\/2025\/04\/ccgarcialorca1.jpg\"><img loading=\"lazy\" decoding=\"async\" src=\"https:\/\/www.maripepadechamberi.com\/wp-content\/uploads\/2025\/04\/ccgarcialorca1.jpg\" sizes=\"auto, (max-width: 583px) 100vw, 583px\" srcset=\"https:\/\/www.maripepadechamberi.com\/wp-content\/uploads\/2025\/04\/ccgarcialorca1.jpg 583w, https:\/\/www.maripepadechamberi.com\/wp-content\/uploads\/2025\/04\/ccgarcialorca1-768x1011.jpg 768w\" alt=\"\" width=\"583\" height=\"768\" \/><\/a><\/span><\/p>\n<p style=\"text-align: center;\"><span style=\"font-size: 12pt; font-family: 'trebuchet ms', geneva, sans-serif;\">Images, songs, and poems dedicated to Gloria Fuertes and a devoted audience.<\/span><\/p>\n<p style=\"text-align: center;\"><span style=\"font-size: 12pt; font-family: 'trebuchet ms', geneva, sans-serif;\">(Photos: Nieves Mart\u00ednez)<\/span><span style=\"font-size: 12pt; font-family: 'trebuchet ms', geneva, sans-serif;\"><a href=\"https:\/\/www.maripepadechamberi.com\/wp-content\/uploads\/2025\/04\/ccgarcialorca2.jpg\"><img loading=\"lazy\" decoding=\"async\" class=\"aligncenter\" src=\"https:\/\/www.maripepadechamberi.com\/wp-content\/uploads\/2025\/04\/ccgarcialorca2.jpg\" sizes=\"auto, (max-width: 583px) 100vw, 583px\" srcset=\"https:\/\/www.maripepadechamberi.com\/wp-content\/uploads\/2025\/04\/ccgarcialorca2.jpg 583w, https:\/\/www.maripepadechamberi.com\/wp-content\/uploads\/2025\/04\/ccgarcialorca2-768x1011.jpg 768w\" alt=\"\" width=\"583\" height=\"768\" \/><\/a><\/span><\/p>\n<hr \/>\n<p>&#8212;&#8212;&#8212;&#8212;- Events 2024 <a href=\"https:\/\/www.maripepadechamberi.com\/?page_id=13071\">here<\/a> &#8212;&#8212;&#8212;&#8212;&#8212;&#8212;&#8212;&#8212;-<\/p>\n","protected":false},"excerpt":{"rendered":"<p>December, 19 \/ 2025 \u2013 Cultural Center La Elipa (Madrid) A lovely encounter with the wonderful audience at the \u00abLa Elipa\u00bb cultural center, in a festive atmosphere filled with singing and good times. (Photos: Nieves Mart\u00ednez) December, 12 \/ 2025 \u2013 Cultural Center Almirante Churruca &#8211; Tribute to Gloria Fuertes A truly heartwarming concert with [&hellip;]<\/p>\n","protected":false},"author":2,"featured_media":0,"parent":0,"menu_order":0,"comment_status":"closed","ping_status":"closed","template":"","meta":{"footnotes":""},"class_list":["post-10982","page","type-page","status-publish","hentry"],"_links":{"self":[{"href":"https:\/\/www.maripepadechamberi.com\/index.php?rest_route=\/wp\/v2\/pages\/10982","targetHints":{"allow":["GET"]}}],"collection":[{"href":"https:\/\/www.maripepadechamberi.com\/index.php?rest_route=\/wp\/v2\/pages"}],"about":[{"href":"https:\/\/www.maripepadechamberi.com\/index.php?rest_route=\/wp\/v2\/types\/page"}],"author":[{"embeddable":true,"href":"https:\/\/www.maripepadechamberi.com\/index.php?rest_route=\/wp\/v2\/users\/2"}],"replies":[{"embeddable":true,"href":"https:\/\/www.maripepadechamberi.com\/index.php?rest_route=%2Fwp%2Fv2%2Fcomments&post=10982"}],"version-history":[{"count":336,"href":"https:\/\/www.maripepadechamberi.com\/index.php?rest_route=\/wp\/v2\/pages\/10982\/revisions"}],"predecessor-version":[{"id":13096,"href":"https:\/\/www.maripepadechamberi.com\/index.php?rest_route=\/wp\/v2\/pages\/10982\/revisions\/13096"}],"wp:attachment":[{"href":"https:\/\/www.maripepadechamberi.com\/index.php?rest_route=%2Fwp%2Fv2%2Fmedia&parent=10982"}],"curies":[{"name":"wp","href":"https:\/\/api.w.org\/{rel}","templated":true}]}}