{"id":11526,"date":"2017-02-22T11:45:35","date_gmt":"2017-02-22T11:45:35","guid":{"rendered":"https:\/\/www.maripepadechamberi.com\/?page_id=11526"},"modified":"2017-04-21T20:07:37","modified_gmt":"2017-04-21T20:07:37","slug":"llena-de-gloria","status":"publish","type":"page","link":"https:\/\/www.maripepadechamberi.com\/?page_id=11526","title":{"rendered":"DE MADRID A LA GLORIA (Homenaje a Gloria Fuertes en su centenario)"},"content":{"rendered":"<p style=\"text-align: right;\"><a href=\"https:\/\/www.maripepadechamberi.com\/?page_id=11543\" class=\"sc-button light\" style=\"background-color: #ffffff; border-color: #ffffff; width: 80px; \"><span class=\"border\"><span class=\"wrap\"><span class=\"title\" style=\"color: #CC0000;\">ENGLISH<\/span><span class=\"description\"><\/span><\/span><\/span><\/a><\/p>\n<p><img loading=\"lazy\" decoding=\"async\" class=\"aligncenter wp-image-11532\" style=\"border: 2px solid #000000;\" src=\"https:\/\/www.maripepadechamberi.com\/wp-content\/uploads\/2017\/02\/llenagloriaweb-e1487767905801.jpg\" width=\"583\" height=\"228\" srcset=\"https:\/\/www.maripepadechamberi.com\/wp-content\/uploads\/2017\/02\/llenagloriaweb-e1487767905801.jpg 1044w, https:\/\/www.maripepadechamberi.com\/wp-content\/uploads\/2017\/02\/llenagloriaweb-e1487767905801-768x300.jpg 768w\" sizes=\"auto, (max-width: 583px) 100vw, 583px\" \/><\/p>\n<p style=\"text-align: center;\"><span style=\"font-size: 12pt; font-family: trebuchet ms,geneva,sans-serif;\">DE MADRID A LA GLORIA es un espect\u00e1culo musical, que la cantante y compositora Mari Pepa de Chamber\u00ed, dedica a <a href=\"https:\/\/www.maripepadechamberi.com\/?page_id=8799\">GLORIA FUERTES<\/a>, con motivo del Centenario de su nacimiento.<\/span><\/p>\n<ul style=\"text-align: center;\">\n<li style=\"text-align: left;\"><span style=\"font-size: 12pt; font-family: trebuchet ms,geneva,sans-serif;\">Composiciones de Mari Pepa y Gloria Fuertes, una de ellas con la voz de Gloria.<\/span><\/li>\n<li style=\"text-align: left;\"><span style=\"font-size: 12pt; font-family: trebuchet ms,geneva,sans-serif;\">Versos recitados de la gran poeta y<\/span><\/li>\n<li style=\"text-align: left;\"><span style=\"font-size: 12pt; font-family: trebuchet ms,geneva,sans-serif;\">Canciones t\u00edpicas madrile\u00f1as dedicadas a Gloria Fuertes, castiza de lavapi\u00e9s, le dan vida a \u00e9ste programa<\/span><\/li>\n<\/ul>\n<p style=\"text-align: center;\"><span style=\"font-size: 12pt; font-family: trebuchet ms,geneva,sans-serif;\">Un espect\u00e1culo alegre, entra\u00f1able y\u00a0 muy participativo.<\/span><\/p>\n<div class=\"sc-video border\"><div class=\"wrap\"><iframe loading=\"lazy\" width=\"100%\" height=\"350px\" src=\"http:\/\/www.youtube.com\/embed\/vnfXa-o2QSM?wmode=opaque\"><\/iframe><\/div><\/div>\n<p><span style=\"font-size: 8pt; font-family: trebuchet ms,geneva,sans-serif;\"><em>Canci\u00f3n compuesta por Gloria fuertes y Mari Pepa, interpretada por ambas.<\/em><\/span><\/p>\n","protected":false},"excerpt":{"rendered":"<p>DE MADRID A LA GLORIA es un espect\u00e1culo musical, que la cantante y compositora Mari Pepa de Chamber\u00ed, dedica a GLORIA FUERTES, con motivo del Centenario de su nacimiento. Composiciones de Mari Pepa y Gloria Fuertes, una de ellas con la voz de Gloria. Versos recitados de la gran poeta y Canciones t\u00edpicas madrile\u00f1as dedicadas [&hellip;]<\/p>\n","protected":false},"author":2,"featured_media":0,"parent":8839,"menu_order":0,"comment_status":"closed","ping_status":"closed","template":"","meta":{"footnotes":""},"class_list":["post-11526","page","type-page","status-publish","hentry"],"_links":{"self":[{"href":"https:\/\/www.maripepadechamberi.com\/index.php?rest_route=\/wp\/v2\/pages\/11526","targetHints":{"allow":["GET"]}}],"collection":[{"href":"https:\/\/www.maripepadechamberi.com\/index.php?rest_route=\/wp\/v2\/pages"}],"about":[{"href":"https:\/\/www.maripepadechamberi.com\/index.php?rest_route=\/wp\/v2\/types\/page"}],"author":[{"embeddable":true,"href":"https:\/\/www.maripepadechamberi.com\/index.php?rest_route=\/wp\/v2\/users\/2"}],"replies":[{"embeddable":true,"href":"https:\/\/www.maripepadechamberi.com\/index.php?rest_route=%2Fwp%2Fv2%2Fcomments&post=11526"}],"version-history":[{"count":15,"href":"https:\/\/www.maripepadechamberi.com\/index.php?rest_route=\/wp\/v2\/pages\/11526\/revisions"}],"predecessor-version":[{"id":11595,"href":"https:\/\/www.maripepadechamberi.com\/index.php?rest_route=\/wp\/v2\/pages\/11526\/revisions\/11595"}],"up":[{"embeddable":true,"href":"https:\/\/www.maripepadechamberi.com\/index.php?rest_route=\/wp\/v2\/pages\/8839"}],"wp:attachment":[{"href":"https:\/\/www.maripepadechamberi.com\/index.php?rest_route=%2Fwp%2Fv2%2Fmedia&parent=11526"}],"curies":[{"name":"wp","href":"https:\/\/api.w.org\/{rel}","templated":true}]}}