{"id":8799,"date":"2013-05-04T15:35:47","date_gmt":"2013-05-04T15:35:47","guid":{"rendered":"https:\/\/www.maripepadechamberi.com\/?page_id=8799"},"modified":"2017-01-11T19:48:01","modified_gmt":"2017-01-11T19:48:01","slug":"gloria-fuertes","status":"publish","type":"page","link":"https:\/\/www.maripepadechamberi.com\/?page_id=8799","title":{"rendered":"Gloria Fuertes"},"content":{"rendered":"<p style=\"text-align: right;\"><a href=\"https:\/\/www.maripepadechamberi.com\/?page_id=10708\" class=\"sc-button light\" style=\"background-color: #ffffff; border-color: #ffffff; width: 80px; \"><span class=\"border\"><span class=\"wrap\"><span class=\"title\" style=\"color: #CC0000;\">ENGLISH<\/span><span class=\"description\"><\/span><\/span><\/span><\/a><\/p>\n<p data-canvas-width=\"762.4992283893603\"><img loading=\"lazy\" decoding=\"async\" class=\"alignleft wp-image-10139\" style=\"border: 2px solid #000000;\" src=\"https:\/\/www.maripepadechamberi.com\/wp-content\/uploads\/2013\/05\/OyVa4fRKKoz_hGCHnYJ47IWuhulBHe5C-M2atzRYciE.jpg\" alt=\"OyVa4fRKKoz_hGCHnYJ47IWuhulBHe5C-M2atzRYciE\" width=\"193\" height=\"302\" \/><span style=\"font-size: 12pt; font-family: 'trebuchet ms', geneva, sans-serif;\"><a href=\"http:\/\/www.gloriafuertes.org\">Gloria Fuertes Garc\u00eda<\/a>, la gran poeta y escritora\u00a0naci\u00f3 en\u00a0Madrid el 28 de Julio de 1917 en el barrio de Lavapi\u00e9s y nos dej\u00f3 el 28 de Noviembre de 1998. Gloria era castiza hasta\u00a0la m\u00e9dula.<\/span><\/p>\n<p data-canvas-width=\"769.9342602093884\"><span style=\"font-size: 12pt; font-family: 'trebuchet ms', geneva, sans-serif;\">En uno de sus libros, hablando de la etapa en la que vivi\u00f3 en\u00a0Am\u00e9rica escribi\u00f3: &#8211; Soy tan chula que cuando digo \u201cyes\u201d, todos\u00a0me notan que soy de Lavapi\u00e9s.<\/span><\/p>\n<p><span style=\"font-size: 12pt; font-family: 'trebuchet ms', geneva, sans-serif;\">La conoc\u00ed en mayo de 1990. En el marco de las fiestas de San Isidro. Me invitaron a participar en una mesa redonda en un programa de radio, en el cual, estaba ella.<\/span><\/p>\n<p><span style=\"font-size: 12pt; font-family: 'trebuchet ms', geneva, sans-serif;\">El tema del que se hablaba en el programa era \u00abLa mujer, el machismo&#8230;\u00bb, algo as\u00ed creo recordar. Gloria y yo tuvimos opiniones encontradas. Yo no estaba de acuerdo con ella en varias cosas y ella me dijo: \u00aberes muy ni\u00f1a, cuando tengas m\u00e1s experiencia, te dar\u00e1s cuenta de que yo no ando tan equivocada\u00bb.<\/span><\/p>\n<p><span style=\"font-size: 12pt; font-family: 'trebuchet ms', geneva, sans-serif;\">Cuando acab\u00f3 el programa, me dijo que a pesar de no hab\u00edamos estado de acuerdo en nuestros planteamientos, le gustar\u00eda que nos vi\u00e9ramos un d\u00eda para seguir charlando. Me dijo que yo era una\u00a0 mujer valiente y me di\u00f3 su n\u00famero de tel\u00e9fono para que la llamara. No lo hice. Me daba apuro llamar a una mujer tan importante, a la que admiraba tanto,\u00a0 pero\u2026 me llam\u00f3 ella y concertamos una cita en su casa. Fue genial.Su casa a la que ella comparaba con \u00abun tranv\u00eda\u00bb, estaba llena de libros, fotos, plantas, galardones y todo tipo de objetos que la hab\u00edan regalado.<\/span><\/p>\n<p><span style=\"font-size: 12pt; font-family: 'trebuchet ms', geneva, sans-serif;\"><img loading=\"lazy\" decoding=\"async\" class=\" wp-image-9918 alignright\" style=\"border: 4px solid black;\" src=\"https:\/\/www.maripepadechamberi.com\/wp-content\/uploads\/2015\/05\/45-300x300.jpg\" alt=\"45\" width=\"240\" height=\"240\" srcset=\"https:\/\/www.maripepadechamberi.com\/wp-content\/uploads\/2015\/05\/45-300x300.jpg 300w, https:\/\/www.maripepadechamberi.com\/wp-content\/uploads\/2015\/05\/45-150x150.jpg 150w, https:\/\/www.maripepadechamberi.com\/wp-content\/uploads\/2015\/05\/45-1024x1024.jpg 1024w\" sizes=\"auto, (max-width: 240px) 100vw, 240px\" \/><\/span><\/p>\n<p><span style=\"font-size: 12pt; font-family: 'trebuchet ms', geneva, sans-serif;\">Me fue mostrando todo con carita de ni\u00f1a contenta, orgullosa de sus pertenencias. Aquel primer d\u00eda me habl\u00f3 de su infancia y tambi\u00e9n de c\u00f3mo sinti\u00f3 ella la guerra del 36, sufri\u00e9ndola de tal modo que la dej\u00f3 marcada para siempre y la convirti\u00f3 de resultas en una gran pacifista. Me habl\u00f3 de sus amigos, sus padres, sus amores, el jefe que ten\u00eda en la oficina. Me habl\u00f3 de tantas cosas\u2026Me dijo: \u201cTe invito a algo. Ve a la nevera que est\u00e1 en aquel cuarto y trae lo que quieras\u201d. Le dije que no ten\u00eda ganas de tomar nada. Insisti\u00f3 y me ense\u00f1o lo que ten\u00eda: refrescos, guisos buen\u00edsimos que le dejaba cocinados Charo, flanes, etc. Cogimos bacalao, queso y pan de chapata, que le encantaba, e improvisamos una cena.<\/span><\/p>\n<p><span style=\"font-size: 12pt; font-family: 'trebuchet ms', geneva, sans-serif;\">Miles de objetos estaban expuestos all\u00ed, sobre la mesita, en el aparador\u2026 En las paredes, cuadros, fotos de sus seres queridos y tambi\u00e9n muchos dibujos que le enviaban los ni\u00f1os.En el sal\u00f3n, junto a la ventana que daba a la calle\u00a0Alberto\u00a0Alcocer, una mesa camilla en la que comimos muchas\u00a0veces los\u00a0guisos que nos hac\u00eda Charo, una gran mujer que estuvo\u00a0trabajando en su casa muchos a\u00f1os y que se mantuvo\u00a0a su lado\u00a0hasta el \u00faltimo minuto.<\/span><\/p>\n<p><span style=\"font-size: 12pt; font-family: 'trebuchet ms', geneva, sans-serif;\">Junto al sof\u00e1 una mesita \u201cde fumar\u201d, y\u00a0nunca mejor dicho, ya que Gloria fumaba much\u00edsimo y\u00a0disfrutaba\u00a0cada uno de sus \u201cpitillos\u201d -como ella dec\u00eda- . Fumaba Lucky\u00a0Strike, Philip Morris, o Chesterfield, sin boquilla\u00a0claro. Sobre esa\u00a0mesa montones y montones de cartas que le escrib\u00edan\u00a0desde\u00a0todas partes del mundo y revistas que la enviaban a\u00a0diario donde\u00a0publicaban sus poemas y sus fotograf\u00edas.<\/span><\/p>\n<p><span style=\"font-size: 12pt; font-family: 'trebuchet ms', geneva, sans-serif;\"><img loading=\"lazy\" decoding=\"async\" class=\" wp-image-9921 alignleft\" style=\"border: 4px solid black;\" src=\"https:\/\/www.maripepadechamberi.com\/wp-content\/uploads\/2015\/05\/GLORIA-FU-ERTES-300x300.jpg\" alt=\"GLORIA FU ERTES\" width=\"243\" height=\"243\" srcset=\"https:\/\/www.maripepadechamberi.com\/wp-content\/uploads\/2015\/05\/GLORIA-FU-ERTES-300x300.jpg 300w, https:\/\/www.maripepadechamberi.com\/wp-content\/uploads\/2015\/05\/GLORIA-FU-ERTES-150x150.jpg 150w, https:\/\/www.maripepadechamberi.com\/wp-content\/uploads\/2015\/05\/GLORIA-FU-ERTES-1024x1024.jpg 1024w\" sizes=\"auto, (max-width: 243px) 100vw, 243px\" \/><\/span><\/p>\n<p><span style=\"font-size: 12pt; font-family: 'trebuchet ms', geneva, sans-serif;\">Todo lo que la rodeaba te daba esa bonita sensaci\u00f3n de que eran muchas las personas que la quer\u00edan. Tambien un cuaderno donde escrib\u00eda sus \u201cmonstruos\u201d \u2014como ella dec\u00eda\u2014, ideas que despu\u00e9s desarrollaba y convert\u00eda en bell\u00edsimos poemas. Las habitaciones llenas de libros, cientos de libros.<\/span><\/p>\n<p><span style=\"font-size: 12pt; font-family: 'trebuchet ms', geneva, sans-serif;\">Seguimos hablando. Se nos hizo muy tarde y al despedirme en el rellano de la escalera, esperando al ascensor,\u00a0 me dijo por primera vez: \u201cGu\u00eda con cuidado, los coches son muy peligrosos\u201d. Esa frase me la repetir\u00eda cada vez al despedirnos.<\/span><\/p>\n<p><span style=\"font-size: 12pt; font-family: 'trebuchet ms', geneva, sans-serif;\">Qued\u00e9 prendada de aquella gran mujer-ni\u00f1a, y regres\u00e9 a casa muy feliz, llevando en mi coraz\u00f3n una sensaci\u00f3n maravillosa de que aquello era el comienzo de una gran amistad.<\/span><\/p>\n<p><span style=\"font-size: 12pt; font-family: 'trebuchet ms', geneva, sans-serif;\">Nos vimos muchas veces m\u00e1s. Me acompa\u00f1aba a algunos de mis conciertos, me invitaba a sus recitales, qued\u00e1bamos en su casa para ver juntas alguno de los muchos programas de TV que hac\u00eda.<\/span><\/p>\n<p><span style=\"font-size: 12pt; font-family: 'trebuchet ms', geneva, sans-serif;\">Qued\u00e1bamos con sus amigas y amigos, y sobre todo qued\u00e1bamos en su casa para charlar, charlar y charlar hasta las tantas. Siempre estaba contenta. Yo le hablaba de mis inquietudes, mis sentimientos, mis relaciones sentimentales y tambi\u00e9n de mis ilusiones. Ella comprend\u00eda \u201ctodo\u201d y ten\u00eda una visi\u00f3n\u00a0 tan clara y positiva de las cosas y una filosof\u00eda de la vida tan especial,\u00a0 que me resultaba a veces extra\u00f1o ver que a su edad, todav\u00eda era capaz de sorprenderse de hechos como (por ejemplo) que la gente la quisiera tanto. Dec\u00eda: \u201cYo no hago nada especial, no s\u00e9, \u00bfpor qu\u00e9 me querr\u00e1n tanto?\u201d<\/span><\/p>\n<p><span style=\"font-size: 12pt; font-family: 'trebuchet ms', geneva, sans-serif;\"><img loading=\"lazy\" decoding=\"async\" class=\"size-medium wp-image-9920 alignright\" style=\"font-style: normal; border: 4px solid black;\" src=\"https:\/\/www.maripepadechamberi.com\/wp-content\/uploads\/2015\/05\/Copia-de-6-copia-300x300.jpg\" alt=\"Copia de 6 copia\" width=\"300\" height=\"300\" srcset=\"https:\/\/www.maripepadechamberi.com\/wp-content\/uploads\/2015\/05\/Copia-de-6-copia-300x300.jpg 300w, https:\/\/www.maripepadechamberi.com\/wp-content\/uploads\/2015\/05\/Copia-de-6-copia-150x150.jpg 150w, https:\/\/www.maripepadechamberi.com\/wp-content\/uploads\/2015\/05\/Copia-de-6-copia-1024x1024.jpg 1024w\" sizes=\"auto, (max-width: 300px) 100vw, 300px\" \/><\/span><\/p>\n<p><span style=\"font-size: 12pt; font-family: 'trebuchet ms', geneva, sans-serif;\">En una ocasi\u00f3n viajamos juntas a Gij\u00f3n. Fuimos en tren y a la hora de comer me sorprendi\u00f3 sacando unos bocadillos de riqu\u00edsima tortilla de escabeche, preparadas por Charo. Siempre me sorprend\u00eda. En el teatro, ella dio un recital de poes\u00eda y yo cant\u00e9 canciones madrile\u00f1as. Visitamos muchos colegios que llevaban su nombre y pasamos el d\u00eda rodeadas de miles de ni\u00f1os que la aclamaban y le entregaban sus dibujos y su cari\u00f1o. En el viaje de regreso a Madrid, me dijo que quer\u00eda ir a la cabina donde \u201cguiaban\u201d el tren. Habl\u00e9 con ellos y pasamos un buen rato all\u00ed. Disfrut\u00f3 como una ni\u00f1a.<\/span><\/p>\n<p><span style=\"font-size: 12pt; font-family: 'trebuchet ms', geneva, sans-serif;\">Un d\u00eda le dije que hab\u00eda compuesto una melod\u00eda para una canci\u00f3n y que me gustar\u00eda que ella escribiera la letra. Aquello tampoco podr\u00eda olvidarlo. Quedamos en su casa para trabajar el tema.\u00a0 Me dec\u00eda: \u201cAnda, t\u00fa ve tarare\u00e1ndome la m\u00fasica y yo, a ver qu\u00e9 hago\u201d. Tapaba con la mano izquierda lo que iba escribiendo en su cuaderno, muerta de risa y cuando lo tuvo terminado me dijo: \u201cAnda, lee, a ver si te gusta\u201d. Me encant\u00f3. El resultado fue la canci\u00f3n Bebo para verte doble.\u00a0 Le suger\u00ed que grabara conmigo la canci\u00f3n. Ella recitar\u00eda unas estrofas y yo cantar\u00eda otras. Le gust\u00f3 la idea y disfrut\u00f3 much\u00edsimo el d\u00eda de la grabaci\u00f3n en los estudios Kirios.<\/span><\/p>\n<p><span style=\"font-size: 12pt; font-family: 'trebuchet ms', geneva, sans-serif;\"><img loading=\"lazy\" decoding=\"async\" class=\" wp-image-9919 alignleft\" style=\"border: 4px solid black;\" src=\"https:\/\/www.maripepadechamberi.com\/wp-content\/uploads\/2015\/05\/con-gloria-300x300.jpg\" alt=\"con gloria\" width=\"240\" height=\"240\" srcset=\"https:\/\/www.maripepadechamberi.com\/wp-content\/uploads\/2015\/05\/con-gloria-300x300.jpg 300w, https:\/\/www.maripepadechamberi.com\/wp-content\/uploads\/2015\/05\/con-gloria-150x150.jpg 150w, https:\/\/www.maripepadechamberi.com\/wp-content\/uploads\/2015\/05\/con-gloria-1024x1024.jpg 1024w\" sizes=\"auto, (max-width: 240px) 100vw, 240px\" \/><\/span><\/p>\n<p><span style=\"font-size: 12pt; font-family: 'trebuchet ms', geneva, sans-serif;\">Otra valiosa aportaci\u00f3n de Gloria fue la letra de la canci\u00f3n Bollitos de leche. Un d\u00eda me dijo que le gustar\u00eda que hiciera\u00a0 unas\u00a0 canciones\u00a0 infantiles\u00a0con unos versos suyos\u00a0 y yo acept\u00e9 encantada. Trabaj\u00e9 adaptando el texto de sus obras y as\u00ed naci\u00f3\u00a0 \u00abMOSAICOS\u00bb. Un disco de canciones infantiles y villancicos, a los que Gloria y C\u00e1ritas quisieron que pusiera m\u00fasica y voz.<\/span><\/p>\n<p><span style=\"font-size: 12pt; font-family: 'trebuchet ms', geneva, sans-serif;\">A Gloria se la quer\u00eda sin conocerla, y cuando se la conoc\u00eda, entonces, ya si que era imposible olvidarla. Un d\u00eda, cuando la llevaba a su casa, al regreso de un recital suyo, por en el paseo de la Castellana, vimos que la circulaci\u00f3n estaba cortada. Hab\u00eda terminado un partido de f\u00fatbol en el estadio Santiago Bernabeu y la polic\u00eda estaba dispersando a la gente con porras. Ella, sacando la cabeza por la ventana del coche, gritaba a los polic\u00edas que no pegaran a la gente, y un joven que ven\u00eda huyendo de la quema, al verla, se detuvo. Le bes\u00f3 las manos y le dijo:\u00a0 \u201cGlori\u00f1a, leo tus poemas, eres maravillosa. \u00a1Qu\u00e9 suerte haberte conocido!\u201d. Y sigui\u00f3 corriendo.\u00a0Cosas de \u00e9stas te pasaban cuando ibas con Gloria. Era incre\u00edble.<\/span><\/p>\n<p><span style=\"font-size: 12pt; font-family: 'trebuchet ms', geneva, sans-serif;\">La visitaban much\u00edsimos amigos, escritores, pintores, cantantes, m\u00e9dicos, enfermos de sida, curas (como ella dec\u00eda)&#8230; Era para todos nosotros una fuente inagotable de comprensi\u00f3n\u00a0 y cari\u00f1o. Una de sus frases de broma era: \u201cQu\u00e9 suerte tienes. Cuando est\u00e1s conmigo est\u00e1s en la Gloria, sin haber muerto, \u00bfeh?\u201d. Eran sus cosas.<\/span><\/p>\n<p><span style=\"font-size: 12pt; font-family: 'trebuchet ms', geneva, sans-serif;\">Compartimos d\u00edas de vacaciones en Granada, con sus grandes amigos, viviendo en una maravillosa \u00abcueva\u00bb cerca de la Alhambra. Tambi\u00e9n pasamos unos fant\u00e1sticos d\u00edas en M\u00e1laga.<\/span><\/p>\n<p><span style=\"font-size: 12pt; font-family: 'trebuchet ms', geneva, sans-serif;\">Gloria me acompa\u00f1\u00f3 en mi segunda boda, en la iglesia de La Paloma ( Madrid ). Me dedic\u00f3 una poes\u00eda y me dio una orden por escrito: \u201cS\u00e9 feliz\u201d.<\/span><\/p>\n<div style=\"width: 371px\" class=\"wp-caption aligncenter\"><img loading=\"lazy\" decoding=\"async\" style=\"border: 4px solid black;\" src=\"https:\/\/www.maripepadechamberi.com\/wp-content\/uploads\/2013\/05\/BODA-GLORIA-FUERTES.bmp\" alt=\"BODA GLORIA FUERTES\" width=\"361\" height=\"321\" \/><p class=\"wp-caption-text\"><span style=\"font-size: 10pt;\">Mari Pepa acompa\u00f1ada por Gloria Fuertes el d\u00eda de su segundo matrimonio, en la Iglesia de la Paloma de Madrid.<\/span><\/p><\/div>\n<p><span style=\"font-size: 12pt; font-family: 'trebuchet ms', geneva, sans-serif;\">Tuve el privilegio de disfrutar durante a\u00f1os de su amistad y cari\u00f1o. Un d\u00eda la llam\u00e9 por tel\u00e9fono y no la encontr\u00e9 en casa en todo el d\u00eda. Era muy extra\u00f1o ya que normalmente sal\u00eda poco. Llam\u00e9 a mi madre y me dijo que Gloria la hab\u00eda llamado para decirle que le hab\u00edan diagnosticado un c\u00e1ncer y no sab\u00eda c\u00f3mo dec\u00edrmelo. Que \u00e9so la preocupaba. Le dijo a mi madre: \u00abMira a ver c\u00f3mo se lo dices a la ni\u00f1a anda, yo no se como hacerlo\u00bb. \u00a1Dios m\u00edo!, ella preocupada por \u00e9so&#8230;<\/span><\/p>\n<p><span style=\"font-size: 12pt; font-family: 'trebuchet ms', geneva, sans-serif;\"><img loading=\"lazy\" decoding=\"async\" class=\"size-medium wp-image-9922 alignleft\" style=\"border: 4px solid black;\" src=\"https:\/\/www.maripepadechamberi.com\/wp-content\/uploads\/2015\/05\/Mari-Pepa-Gloria-Fuertes-300x300.jpg\" alt=\"Mari Pepa &amp; Gloria Fuertes\" width=\"300\" height=\"300\" srcset=\"https:\/\/www.maripepadechamberi.com\/wp-content\/uploads\/2015\/05\/Mari-Pepa-Gloria-Fuertes-300x300.jpg 300w, https:\/\/www.maripepadechamberi.com\/wp-content\/uploads\/2015\/05\/Mari-Pepa-Gloria-Fuertes-150x150.jpg 150w, https:\/\/www.maripepadechamberi.com\/wp-content\/uploads\/2015\/05\/Mari-Pepa-Gloria-Fuertes-1024x1024.jpg 1024w\" sizes=\"auto, (max-width: 300px) 100vw, 300px\" \/><\/span><\/p>\n<p><span style=\"font-size: 12pt; font-family: 'trebuchet ms', geneva, sans-serif;\">No quer\u00eda que lo supiera todo el mundo. S\u00f3lo lo supimos unos pocos. Los primeros d\u00edas quer\u00eda estar sola. Cuando iba a visitarla me dec\u00eda que ten\u00eda muchos dolores y que\u00a0 rezara al Ni\u00f1o Jes\u00fas para que la llevara pronto con \u00e9l. As\u00ed fue, y todos nos quedamos un poco hu\u00e9rfanos al perderla. Se dijo que hab\u00eda estado sola sus \u00faltimos d\u00edas. No fue as\u00ed. Ella no quer\u00eda que se enteraran de su enfermedad y por \u00e9so guardamos silencio y por \u00e9so pocas personas lo supieron\u00a0 y por eso, pocas personas la acompa\u00f1aron en su despedida. Nos dej\u00f3 el 27 de Noviembre de 1998.<\/span><\/p>\n<p><span style=\"font-size: 12pt; font-family: 'trebuchet ms', geneva, sans-serif;\">Ella estuvo rodeada de las personas que quiso. Ella hizo su vida como quiso. Ella se despidi\u00f3 como quiso. Ella, quiso tanto a sus amigos que, desde la gloria, hace que nos sigamos sintiendo en la Gloria cuando pensamos en ella.<\/span><\/p>\n<p><span style=\"font-size: 12pt; font-family: 'trebuchet ms', geneva, sans-serif;\">\u00a1 Gracias Glorita !<\/span><\/p>\n<div class=\"sc-video border\"><div class=\"wrap\"><iframe loading=\"lazy\" width=\"100%\" height=\"350px\" src=\"http:\/\/www.youtube.com\/embed\/YnmaUzTvr8I?wmode=opaque\"><\/iframe><\/div><\/div>\n<div class=\"sc-video border\"><div class=\"wrap\"><iframe loading=\"lazy\" width=\"100%\" height=\"350px\" src=\"http:\/\/www.youtube.com\/embed\/vnfXa-o2QSM?wmode=opaque\"><\/iframe><\/div><\/div>\n","protected":false},"excerpt":{"rendered":"<p>Gloria Fuertes Garc\u00eda, la gran poeta y escritora\u00a0naci\u00f3 en\u00a0Madrid el 28 de Julio de 1917 en el barrio de Lavapi\u00e9s y nos dej\u00f3 el 28 de Noviembre de 1998. Gloria era castiza hasta\u00a0la m\u00e9dula. En uno de sus libros, hablando de la etapa en la que vivi\u00f3 en\u00a0Am\u00e9rica escribi\u00f3: &#8211; Soy tan chula que cuando [&hellip;]<\/p>\n","protected":false},"author":2,"featured_media":0,"parent":0,"menu_order":0,"comment_status":"open","ping_status":"open","template":"","meta":{"footnotes":""},"class_list":["post-8799","page","type-page","status-publish","hentry"],"_links":{"self":[{"href":"https:\/\/www.maripepadechamberi.com\/index.php?rest_route=\/wp\/v2\/pages\/8799","targetHints":{"allow":["GET"]}}],"collection":[{"href":"https:\/\/www.maripepadechamberi.com\/index.php?rest_route=\/wp\/v2\/pages"}],"about":[{"href":"https:\/\/www.maripepadechamberi.com\/index.php?rest_route=\/wp\/v2\/types\/page"}],"author":[{"embeddable":true,"href":"https:\/\/www.maripepadechamberi.com\/index.php?rest_route=\/wp\/v2\/users\/2"}],"replies":[{"embeddable":true,"href":"https:\/\/www.maripepadechamberi.com\/index.php?rest_route=%2Fwp%2Fv2%2Fcomments&post=8799"}],"version-history":[{"count":57,"href":"https:\/\/www.maripepadechamberi.com\/index.php?rest_route=\/wp\/v2\/pages\/8799\/revisions"}],"predecessor-version":[{"id":11510,"href":"https:\/\/www.maripepadechamberi.com\/index.php?rest_route=\/wp\/v2\/pages\/8799\/revisions\/11510"}],"wp:attachment":[{"href":"https:\/\/www.maripepadechamberi.com\/index.php?rest_route=%2Fwp%2Fv2%2Fmedia&parent=8799"}],"curies":[{"name":"wp","href":"https:\/\/api.w.org\/{rel}","templated":true}]}}