{"id":8839,"date":"2013-05-04T17:25:43","date_gmt":"2013-05-04T17:25:43","guid":{"rendered":"https:\/\/www.maripepadechamberi.com\/?page_id=8839"},"modified":"2024-05-05T09:10:28","modified_gmt":"2024-05-05T09:10:28","slug":"espectaculos","status":"publish","type":"page","link":"https:\/\/www.maripepadechamberi.com\/?page_id=8839","title":{"rendered":"Espect\u00e1culos"},"content":{"rendered":"<p><em><span style=\"font-size: 12pt;\">Pincha en cualquiera de los espect\u00e1culos para consultar informaci\u00f3n de cada uno de ellos.<\/span><\/em><\/p>\n<ul>\n<li><span style=\"font-size: 14pt; font-family: 'times new roman', times, serif;\"><strong><em><a title=\"LA MAGIA DEL CUPL\u00c9\" href=\"https:\/\/www.maripepadechamberi.com\/?page_id=8841\">LA MAGIA DEL CUPL\u00c9<\/a><\/em><\/strong><\/span><\/li>\n<li><span style=\"font-size: 14pt; font-family: 'times new roman', times, serif;\"><strong><em>\u00a0<a title=\"DE LA MANCHA A HOLLYWOOD\" href=\"https:\/\/www.maripepadechamberi.com\/?page_id=8843\">DE LA MANCHA A HOLLYWOOD &#8211; Recordando\u00a0a Sara Montiel<\/a><\/em><\/strong><\/span><\/li>\n<li><span style=\"font-size: 14pt; font-family: 'times new roman', times, serif;\"><strong><em><a title=\"AS\u00cd ES MADRID\" href=\"https:\/\/www.maripepadechamberi.com\/?page_id=8852\">AS\u00cd ES MADRID<\/a><\/em><\/strong><\/span><\/li>\n<li><span style=\"font-size: 14pt; font-family: 'times new roman', times, serif;\"><strong><em>\u00a0<a title=\"Del Cupl\u00e9 a la Copla\" href=\"https:\/\/www.maripepadechamberi.com\/?page_id=11526\">DE MADRID A LA GLORIA (Homenaje a Gloria Fuertes en su centenario)<\/a><\/em><\/strong><\/span><span style=\"font-size: 14pt; font-family: 'times new roman', times, serif;\"><strong><em><br \/>\n<\/em><\/strong><\/span><\/li>\n<li><span style=\"font-size: 14pt; font-family: 'times new roman', times, serif;\"><strong><em>\u00a0<a title=\"HOMENAJE A NUESTROS MAYORES\" href=\"https:\/\/www.maripepadechamberi.com\/?page_id=8854\">HOMENAJE A NUESTROS MAYORES<\/a><\/em><\/strong><\/span><\/li>\n<li><span style=\"font-size: 14pt; font-family: 'times new roman', times, serif;\"><strong><em>\u00a0<a title=\"\u00a1 Canta, coraz\u00f3n de mujer !\" href=\"https:\/\/www.maripepadechamberi.com\/?page_id=9594\">\u00a1 CANTA, CORAZ\u00d3N DE MUJER !<\/a><\/em><\/strong><\/span><\/li>\n<li><span style=\"font-size: 14pt; font-family: 'times new roman', times, serif;\"><strong><em>\u00a0<a title=\"El Sentir Navide\u00f1o\" href=\"https:\/\/www.maripepadechamberi.com\/?page_id=9596\">EL SENTIR NAVIDE\u00d1O<\/a><\/em><\/strong><\/span><\/li>\n<\/ul>\n","protected":false},"excerpt":{"rendered":"<p>Pincha en cualquiera de los espect\u00e1culos para consultar informaci\u00f3n de cada uno de ellos. LA MAGIA DEL CUPL\u00c9 \u00a0DE LA MANCHA A HOLLYWOOD &#8211; Recordando\u00a0a Sara Montiel AS\u00cd ES MADRID \u00a0DE MADRID A LA GLORIA (Homenaje a Gloria Fuertes en su centenario) \u00a0HOMENAJE A NUESTROS MAYORES \u00a0\u00a1 CANTA, CORAZ\u00d3N DE MUJER ! \u00a0EL SENTIR NAVIDE\u00d1O<\/p>\n","protected":false},"author":2,"featured_media":0,"parent":0,"menu_order":0,"comment_status":"open","ping_status":"open","template":"","meta":{"footnotes":""},"class_list":["post-8839","page","type-page","status-publish","hentry"],"_links":{"self":[{"href":"https:\/\/www.maripepadechamberi.com\/index.php?rest_route=\/wp\/v2\/pages\/8839","targetHints":{"allow":["GET"]}}],"collection":[{"href":"https:\/\/www.maripepadechamberi.com\/index.php?rest_route=\/wp\/v2\/pages"}],"about":[{"href":"https:\/\/www.maripepadechamberi.com\/index.php?rest_route=\/wp\/v2\/types\/page"}],"author":[{"embeddable":true,"href":"https:\/\/www.maripepadechamberi.com\/index.php?rest_route=\/wp\/v2\/users\/2"}],"replies":[{"embeddable":true,"href":"https:\/\/www.maripepadechamberi.com\/index.php?rest_route=%2Fwp%2Fv2%2Fcomments&post=8839"}],"version-history":[{"count":19,"href":"https:\/\/www.maripepadechamberi.com\/index.php?rest_route=\/wp\/v2\/pages\/8839\/revisions"}],"predecessor-version":[{"id":12911,"href":"https:\/\/www.maripepadechamberi.com\/index.php?rest_route=\/wp\/v2\/pages\/8839\/revisions\/12911"}],"wp:attachment":[{"href":"https:\/\/www.maripepadechamberi.com\/index.php?rest_route=%2Fwp%2Fv2%2Fmedia&parent=8839"}],"curies":[{"name":"wp","href":"https:\/\/api.w.org\/{rel}","templated":true}]}}