{"id":8841,"date":"2013-05-04T17:26:40","date_gmt":"2013-05-04T17:26:40","guid":{"rendered":"https:\/\/www.maripepadechamberi.com\/?page_id=8841"},"modified":"2015-09-03T22:10:50","modified_gmt":"2015-09-03T22:10:50","slug":"gran-via","status":"publish","type":"page","link":"https:\/\/www.maripepadechamberi.com\/?page_id=8841","title":{"rendered":"LA MAGIA DEL CUPL\u00c9"},"content":{"rendered":"<p style=\"text-align: right;\" align=\"center\"><a href=\"https:\/\/www.maripepadechamberi.com\/?page_id=9696\" class=\"sc-button light\" style=\"background-color: #ffffff; border-color: #ffffff; width: 80px; \"><span class=\"border\"><span class=\"wrap\"><span class=\"title\" style=\"color: #CC0000;\">ENGLISH<\/span><span class=\"description\"><\/span><\/span><\/span><\/a><\/p>\n<p align=\"center\"><span style=\"font-size: 12pt; font-family: 'trebuchet ms', geneva, sans-serif;\">En este espect\u00e1culo, la cantante y compositora <b style=\"text-align: left;\"><i>Pepa Chamber\u00ed<\/i><\/b>, interpreta a ritmo de <strong style=\"text-align: left;\">C<i>upl\u00e9s, Pasodobles, Tango, Pasacalles<\/i><\/strong><b style=\"text-align: left;\"><i>\u2026<\/i><\/b>las canciones m\u00e1s \u00a0populares del g\u00e9nero, como:<\/span><\/p>\n<p style=\"text-align: center;\"><span style=\"font-size: 12pt; font-family: 'trebuchet ms', geneva, sans-serif;\"><img loading=\"lazy\" decoding=\"async\" class=\"alignleft size-full wp-image-9670\" style=\"border: 4px solid black;\" src=\"https:\/\/www.maripepadechamberi.com\/wp-content\/uploads\/2013\/05\/foto-1.jpg\" alt=\"foto 1\" width=\"212\" height=\"296\" \/><\/span><\/p>\n<p style=\"text-align: center;\" align=\"center\"><span style=\"font-size: 12pt; font-family: 'trebuchet ms', geneva, sans-serif;\"><em><strong>Los nardos<\/strong><\/em><\/span><\/p>\n<p style=\"text-align: center;\"><span style=\"font-size: 12pt; font-family: 'trebuchet ms', geneva, sans-serif;\"><em><strong>Batall\u00f3n de modistillas<\/strong><\/em><\/span><\/p>\n<p style=\"text-align: center;\"><span style=\"font-size: 12pt; font-family: 'trebuchet ms', geneva, sans-serif;\"><em><strong>La chica del 17<\/strong><\/em><\/span><\/p>\n<p style=\"text-align: center;\" align=\"center\"><span style=\"font-size: 12pt; font-family: 'trebuchet ms', geneva, sans-serif;\"><em><strong>El polichinela<\/strong><\/em><\/span><\/p>\n<p style=\"text-align: center;\" align=\"center\"><span style=\"font-size: 12pt; font-family: 'trebuchet ms', geneva, sans-serif;\"><em><strong>El d\u00eda que me quieras<\/strong><\/em><\/span><\/p>\n<p style=\"text-align: center;\" align=\"center\"><span style=\"font-size: 12pt; font-family: 'trebuchet ms', geneva, sans-serif;\"><em><strong>El relicario<\/strong><\/em><\/span><\/p>\n<p style=\"text-align: center;\" align=\"center\"><span style=\"font-size: 12pt; font-family: 'trebuchet ms', geneva, sans-serif;\"><em><strong>T\u00e1pame<\/strong><\/em><\/span><\/p>\n<p style=\"text-align: center;\" align=\"center\"><span style=\"font-size: 12pt; font-family: 'trebuchet ms', geneva, sans-serif;\"><em><strong>Nena<\/strong><\/em><\/span><\/p>\n<p style=\"text-align: center;\" align=\"center\"><span style=\"font-size: 12pt; font-family: 'trebuchet ms', geneva, sans-serif;\"><em><strong>La violetera<\/strong><\/em><\/span><\/p>\n<p style=\"text-align: center;\" align=\"center\"><span style=\"font-size: 12pt; font-family: 'trebuchet ms', geneva, sans-serif;\"><i>El p\u00fablico comparte el protagonismo del espect\u00e1culo<\/i>, <i>cantando, con <strong>PEPA<\/strong>, ya que <b>es <\/b><strong>un espect\u00e1culo muy participativo<\/strong><b>.<\/b><\/i><i>\u00a0\u00a0<\/i><b>\u00a0\u00a0\u00a0\u00a0\u00a0\u00a0\u00a0\u00a0<\/b><\/span><\/p>\n<p style=\"text-align: center;\"><span style=\"font-size: 12pt; font-family: 'trebuchet ms', geneva, sans-serif;\"><img loading=\"lazy\" decoding=\"async\" class=\" wp-image-9671 aligncenter\" style=\"border: 4px solid black;\" src=\"https:\/\/www.maripepadechamberi.com\/wp-content\/uploads\/2013\/05\/foto-2.jpg\" alt=\"foto 2\" width=\"515\" height=\"213\" \/><\/span><\/p>\n<ul style=\"text-align: left;\">\n<li><span style=\"font-size: 12pt; font-family: 'trebuchet ms', geneva, sans-serif;\">Se representa en varios formatos y seg\u00fan el elegido por Vds: \u00a0\u00a0act\u00faa acompa\u00f1ada de pianista, tr\u00edo, quinteto, orquesta en formato de c\u00e1mara, ballet, etc<b>\u2026<\/b> Para adaptarse a sus necesidades de \u00a0presupuesto y espacio.<\/span><\/li>\n<\/ul>\n<ul style=\"text-align: left;\">\n<li style=\"text-align: justify;\"><span style=\"font-size: 12pt; font-family: 'trebuchet ms', geneva, sans-serif;\">La duraci\u00f3n, dependiendo del formato, ser\u00eda de 1 a 2 horas<\/span><\/li>\n<\/ul>\n<div class=\"sc-video border\"><div class=\"wrap\"><iframe loading=\"lazy\" width=\"100%\" height=\"350px\" src=\"http:\/\/www.youtube.com\/embed\/E7UY49HBUsQ?wmode=opaque\"><\/iframe><\/div><\/div>\n","protected":false},"excerpt":{"rendered":"<p>En este espect\u00e1culo, la cantante y compositora Pepa Chamber\u00ed, interpreta a ritmo de Cupl\u00e9s, Pasodobles, Tango, Pasacalles\u2026las canciones m\u00e1s \u00a0populares del g\u00e9nero, como: Los nardos Batall\u00f3n de modistillas La chica del 17 El polichinela El d\u00eda que me quieras El relicario T\u00e1pame Nena La violetera El p\u00fablico comparte el protagonismo del espect\u00e1culo, cantando, con PEPA, [&hellip;]<\/p>\n","protected":false},"author":2,"featured_media":0,"parent":8839,"menu_order":0,"comment_status":"open","ping_status":"closed","template":"","meta":{"footnotes":""},"class_list":["post-8841","page","type-page","status-publish","hentry"],"_links":{"self":[{"href":"https:\/\/www.maripepadechamberi.com\/index.php?rest_route=\/wp\/v2\/pages\/8841","targetHints":{"allow":["GET"]}}],"collection":[{"href":"https:\/\/www.maripepadechamberi.com\/index.php?rest_route=\/wp\/v2\/pages"}],"about":[{"href":"https:\/\/www.maripepadechamberi.com\/index.php?rest_route=\/wp\/v2\/types\/page"}],"author":[{"embeddable":true,"href":"https:\/\/www.maripepadechamberi.com\/index.php?rest_route=\/wp\/v2\/users\/2"}],"replies":[{"embeddable":true,"href":"https:\/\/www.maripepadechamberi.com\/index.php?rest_route=%2Fwp%2Fv2%2Fcomments&post=8841"}],"version-history":[{"count":48,"href":"https:\/\/www.maripepadechamberi.com\/index.php?rest_route=\/wp\/v2\/pages\/8841\/revisions"}],"predecessor-version":[{"id":10885,"href":"https:\/\/www.maripepadechamberi.com\/index.php?rest_route=\/wp\/v2\/pages\/8841\/revisions\/10885"}],"up":[{"embeddable":true,"href":"https:\/\/www.maripepadechamberi.com\/index.php?rest_route=\/wp\/v2\/pages\/8839"}],"wp:attachment":[{"href":"https:\/\/www.maripepadechamberi.com\/index.php?rest_route=%2Fwp%2Fv2%2Fmedia&parent=8841"}],"curies":[{"name":"wp","href":"https:\/\/api.w.org\/{rel}","templated":true}]}}