{"id":8843,"date":"2013-05-04T17:28:25","date_gmt":"2013-05-04T17:28:25","guid":{"rendered":"https:\/\/www.maripepadechamberi.com\/?page_id=8843"},"modified":"2015-12-12T22:40:32","modified_gmt":"2015-12-12T22:40:32","slug":"cuple-cuple","status":"publish","type":"page","link":"https:\/\/www.maripepadechamberi.com\/?page_id=8843","title":{"rendered":"DE LA MANCHA A HOLLYWOOD"},"content":{"rendered":"<p style=\"text-align: right;\"><a href=\"https:\/\/www.maripepadechamberi.com\/?page_id=9723 \" class=\"sc-button light\" style=\"background-color: #ffffff; border-color: #ffffff; width: 80px; \"><span class=\"border\"><span class=\"wrap\"><span class=\"title\" style=\"color: #CC0000;\">ENGLISH<\/span><span class=\"description\"><\/span><\/span><\/span><\/a><\/p>\n<div>\n<p style=\"text-align: left;\"><span style=\"font-size: 12pt; font-family: 'trebuchet ms', geneva, sans-serif;\"><img loading=\"lazy\" decoding=\"async\" class=\" wp-image-9722 alignleft\" src=\"https:\/\/www.maripepadechamberi.com\/wp-content\/uploads\/2013\/05\/homenaje-sara.jpg\" alt=\"homenaje sara\" width=\"265\" height=\"372\" \/>Este concierto teatralizado, presenta las canciones m\u00e1s representativas del repertorio interpretado por Sara Montiel, \u00a0a trav\u00e9s del cine y del teatro, planteando su connotaci\u00f3n con cada etapa de su vida profesional, desde sus or\u00edgenes en su poblaci\u00f3n natal, Campo de Criptana, hasta su consagraci\u00f3n como artista internacional durante su etapa art\u00edstica en Hollywood.<\/span><\/p>\n<p><span style=\"font-size: 12pt; font-family: 'trebuchet ms', geneva, sans-serif;\">Pepa Chamber\u00ed y N\u00e9stor Rubio, acompa\u00f1ados al piano por Miguel Tub\u00eda, mediante las canciones de Sara Montiel nos van conduciendo por un concierto entra\u00f1able, lleno de respeto y admiraci\u00f3n hacia la gran diva.<\/span><\/p>\n<\/div>\n<div style=\"text-align: left;\"><span style=\"font-family: 'trebuchet ms', geneva, sans-serif; font-size: 12pt;\"><strong>Algo del repertorio:<img loading=\"lazy\" decoding=\"async\" class=\"alignright wp-image-11051\" style=\"border: 2px solid #000000;\" src=\"https:\/\/www.maripepadechamberi.com\/wp-content\/uploads\/2015\/04\/1-1.jpg\" alt=\"1\" width=\"236\" height=\"161\" \/><\/strong><\/span><\/div>\n<div style=\"text-align: left;\"><span style=\"font-size: 12pt; font-family: 'trebuchet ms', geneva, sans-serif;\"><br \/>\n<\/span><\/div>\n<div style=\"text-align: left;\"><span style=\"font-family: 'trebuchet ms', geneva, sans-serif; font-size: 12pt;\">&#8211; Fumando espero<br \/>\n<\/span><\/div>\n<div style=\"text-align: left;\"><span style=\"font-family: 'trebuchet ms', geneva, sans-serif; font-size: 12pt;\">&#8211; Los nardos<\/span><\/div>\n<div style=\"text-align: left;\"><span style=\"font-family: 'trebuchet ms', geneva, sans-serif; font-size: 12pt;\">&#8211; Ojos verdes<br \/>\n<\/span><\/div>\n<div style=\"text-align: left;\"><span style=\"font-family: 'trebuchet ms', geneva, sans-serif; font-size: 12pt;\">&#8211; Pichi<\/span><\/div>\n<div style=\"text-align: left;\"><span style=\"font-family: 'trebuchet ms', geneva, sans-serif; font-size: 12pt;\">&#8211; Tatuaje<\/span><\/div>\n<div style=\"text-align: left;\"><span style=\"font-size: 12pt; font-family: 'trebuchet ms', geneva, sans-serif;\">&#8211; La Violetera&#8230;\u00a0 \u00a0 \u00a0 \u00a0 \u00a0 \u00a0 \u00a0 \u00a0 \u00a0 \u00a0 \u00a0 \u00a0 \u00a0 \u00a0 \u00a0<\/span><\/div>\n<div style=\"text-align: left;\">\n<h1><img loading=\"lazy\" decoding=\"async\" class=\"alignleft wp-image-11057\" style=\"border: 2px solid #000000;\" src=\"https:\/\/www.maripepadechamberi.com\/wp-content\/uploads\/2015\/04\/12238339_1141470482548616_1413893399591721421_o.jpg\" alt=\"12238339_1141470482548616_1413893399591721421_o\" width=\"260\" height=\"132\" \/><span style=\"font-size: 12pt; font-family: 'trebuchet ms', geneva, sans-serif;\">Ficha art\u00edstica:<\/span><\/h1>\n<\/div>\n<div><span style=\"font-size: 12pt; font-family: 'trebuchet ms', geneva, sans-serif;\">&#8211; MARI PEPA de Chamber\u00ed<\/span><\/div>\n<div><span style=\"font-size: 12pt; font-family: 'trebuchet ms', geneva, sans-serif;\">&#8211; Miguel Tub\u00eda &#8211; Pianista<\/span><\/div>\n<div><span style=\"font-size: 12pt; font-family: 'trebuchet ms', geneva, sans-serif;\">&#8211; N\u00e9stor Rubio &#8211; Actor y cantante<\/span><\/div>\n<div><\/div>\n<div><\/div>\n<div><\/div>\n<p><span style=\"font-size: 12pt; font-family: 'trebuchet ms', geneva, sans-serif;\">\u2022 Duraci\u00f3n aproximada es de 1 a 2 horas, dependiendo del formato elegido.<\/span><\/p>\n","protected":false},"excerpt":{"rendered":"<p>Este concierto teatralizado, presenta las canciones m\u00e1s representativas del repertorio interpretado por Sara Montiel, \u00a0a trav\u00e9s del cine y del teatro, planteando su connotaci\u00f3n con cada etapa de su vida profesional, desde sus or\u00edgenes en su poblaci\u00f3n natal, Campo de Criptana, hasta su consagraci\u00f3n como artista internacional durante su etapa art\u00edstica en Hollywood. Pepa Chamber\u00ed [&hellip;]<\/p>\n","protected":false},"author":2,"featured_media":0,"parent":8839,"menu_order":0,"comment_status":"open","ping_status":"closed","template":"","meta":{"footnotes":""},"class_list":["post-8843","page","type-page","status-publish","hentry"],"_links":{"self":[{"href":"https:\/\/www.maripepadechamberi.com\/index.php?rest_route=\/wp\/v2\/pages\/8843","targetHints":{"allow":["GET"]}}],"collection":[{"href":"https:\/\/www.maripepadechamberi.com\/index.php?rest_route=\/wp\/v2\/pages"}],"about":[{"href":"https:\/\/www.maripepadechamberi.com\/index.php?rest_route=\/wp\/v2\/types\/page"}],"author":[{"embeddable":true,"href":"https:\/\/www.maripepadechamberi.com\/index.php?rest_route=\/wp\/v2\/users\/2"}],"replies":[{"embeddable":true,"href":"https:\/\/www.maripepadechamberi.com\/index.php?rest_route=%2Fwp%2Fv2%2Fcomments&post=8843"}],"version-history":[{"count":30,"href":"https:\/\/www.maripepadechamberi.com\/index.php?rest_route=\/wp\/v2\/pages\/8843\/revisions"}],"predecessor-version":[{"id":11106,"href":"https:\/\/www.maripepadechamberi.com\/index.php?rest_route=\/wp\/v2\/pages\/8843\/revisions\/11106"}],"up":[{"embeddable":true,"href":"https:\/\/www.maripepadechamberi.com\/index.php?rest_route=\/wp\/v2\/pages\/8839"}],"wp:attachment":[{"href":"https:\/\/www.maripepadechamberi.com\/index.php?rest_route=%2Fwp%2Fv2%2Fmedia&parent=8843"}],"curies":[{"name":"wp","href":"https:\/\/api.w.org\/{rel}","templated":true}]}}