{"id":8980,"date":"2013-10-19T12:16:50","date_gmt":"2013-10-19T12:16:50","guid":{"rendered":"https:\/\/www.maripepadechamberi.com\/?page_id=8980"},"modified":"2018-12-28T13:15:28","modified_gmt":"2018-12-28T13:15:28","slug":"luis-aguile","status":"publish","type":"page","link":"https:\/\/www.maripepadechamberi.com\/?page_id=8980","title":{"rendered":"Luis Aguil\u00e9"},"content":{"rendered":"<p style=\"text-align: right;\"><a href=\"https:\/\/www.maripepadechamberi.com\/?page_id=10718\" class=\"sc-button light\" style=\"background-color: #ffffff; border-color: #ffffff; width: 80px; \"><span class=\"border\"><span class=\"wrap\"><span class=\"title\" style=\"color: #CC0000;\">ENGLISH<\/span><span class=\"description\"><\/span><\/span><\/span><\/a><\/p>\n<p style=\"text-align: justify;\"><img loading=\"lazy\" decoding=\"async\" class=\"alignleft wp-image-10115\" style=\"border: 2px solid #000000;\" src=\"https:\/\/www.maripepadechamberi.com\/wp-content\/uploads\/2013\/10\/8K40-gACoDuvMrFafxRvgeKlHHTH9WVKHisLlzrmWhM.jpg\" alt=\"8K40-gACoDuvMrFafxRvgeKlHHTH9WVKHisLlzrmWhM\" width=\"342\" height=\"387\" \/><\/p>\n<p style=\"text-align: justify;\"><span style=\"font-family: 'trebuchet ms', geneva, sans-serif;\">Luis Aguil\u00e9 naci\u00f3 el 24 de febrero de 1936 en Buenos Aires. Gran compositor, pues escribi\u00f3 m\u00e1s de 600 canciones y grab\u00f3 cerca de 1000.<\/span><\/p>\n<p style=\"text-align: justify;\"><span style=\"font-family: 'trebuchet ms', geneva, sans-serif;\">Cantante, escritor, showman, actor\u2026 un artista muy completo que se afinc\u00f3 en Espa\u00f1a desde el a\u00f1o 1963 y dedic\u00f3 su vida a la m\u00fasica hasta el \u00faltimo momento.<\/span><\/p>\n<p style=\"text-align: justify;\"><span style=\"font-family: 'trebuchet ms', geneva, sans-serif;\">Nos dej\u00f3 el 10 de Octubre de 2009, para \u201cencontrar un lugar donde el cielo es m\u00e1s azul\u2026\u201d como dec\u00eda la letra de una de sus canciones.<\/span><\/p>\n<p style=\"text-align: justify;\"><span style=\"font-family: 'trebuchet ms', geneva, sans-serif;\">Mari Pepa actu\u00f3 con gran \u00e9xito junto a LUIS AGUIL\u00c9 en La Gran Via madrile\u00f1a, en el musical \u201c VIVA LA GRAN V\u00cdA \u201d, creado por Aguil\u00e9, conmemorando el\u00a0 centenario de dicha calle.<\/span><\/p>\n<p style=\"text-align: justify;\"><span style=\"font-family: 'trebuchet ms', geneva, sans-serif;\">Mari Pepa tuvo una amistad muy entra\u00f1able con Luis y le recuerda con mucho cari\u00f1o, tambi\u00e9n en sus conciertos, interpretando canciones de su zarzuela como: \u201d Hay que mantener las tradiciones \u201c, \u201d Cuando se siente el amor \u201c, \u201d Viva la Gran V\u00eda \u201d y otras.<\/span><\/p>\n<p style=\"text-align: justify;\"><span style=\"font-family: 'trebuchet ms', geneva, sans-serif;\">\u201cNuestro amor por lo castizo nos hace ser pacientes, \u00bfverdad Luis? Un d\u00eda veremos tu zarzuela anunciada en todas las carteleras de Espa\u00f1a y podremos disfrutar de esa maravillosa obra.\u00a0\u00a1Gracias por escribirla maestro!\u201d (Mari Pepa)<\/span><\/p>\n<div id=\"attachment_9531\" style=\"width: 463px\" class=\"wp-caption alignnone\"><img loading=\"lazy\" decoding=\"async\" aria-describedby=\"caption-attachment-9531\" class=\"wp-image-9531\" style=\"font-style: normal; line-height: 24.375px; margin-top: 4px; margin-bottom: 4px; border: 4px solid black;\" src=\"https:\/\/www.maripepadechamberi.com\/wp-content\/uploads\/2015\/04\/luis4.bmp\" alt=\"luis4\" width=\"453\" height=\"408\" \/><p id=\"caption-attachment-9531\" class=\"wp-caption-text\"><span style=\"font-size: 10pt;\">Mari Pepa junto a Luis Aguil\u00e9 en el espect\u00e1culo VIVA LA GRAN V\u00cdA<\/span><\/p><\/div>\n","protected":false},"excerpt":{"rendered":"<p>Luis Aguil\u00e9 naci\u00f3 el 24 de febrero de 1936 en Buenos Aires. Gran compositor, pues escribi\u00f3 m\u00e1s de 600 canciones y grab\u00f3 cerca de 1000. Cantante, escritor, showman, actor\u2026 un artista muy completo que se afinc\u00f3 en Espa\u00f1a desde el a\u00f1o 1963 y dedic\u00f3 su vida a la m\u00fasica hasta el \u00faltimo momento. Nos dej\u00f3 [&hellip;]<\/p>\n","protected":false},"author":2,"featured_media":0,"parent":0,"menu_order":0,"comment_status":"open","ping_status":"open","template":"","meta":{"footnotes":""},"class_list":["post-8980","page","type-page","status-publish","hentry"],"_links":{"self":[{"href":"https:\/\/www.maripepadechamberi.com\/index.php?rest_route=\/wp\/v2\/pages\/8980","targetHints":{"allow":["GET"]}}],"collection":[{"href":"https:\/\/www.maripepadechamberi.com\/index.php?rest_route=\/wp\/v2\/pages"}],"about":[{"href":"https:\/\/www.maripepadechamberi.com\/index.php?rest_route=\/wp\/v2\/types\/page"}],"author":[{"embeddable":true,"href":"https:\/\/www.maripepadechamberi.com\/index.php?rest_route=\/wp\/v2\/users\/2"}],"replies":[{"embeddable":true,"href":"https:\/\/www.maripepadechamberi.com\/index.php?rest_route=%2Fwp%2Fv2%2Fcomments&post=8980"}],"version-history":[{"count":34,"href":"https:\/\/www.maripepadechamberi.com\/index.php?rest_route=\/wp\/v2\/pages\/8980\/revisions"}],"predecessor-version":[{"id":12145,"href":"https:\/\/www.maripepadechamberi.com\/index.php?rest_route=\/wp\/v2\/pages\/8980\/revisions\/12145"}],"wp:attachment":[{"href":"https:\/\/www.maripepadechamberi.com\/index.php?rest_route=%2Fwp%2Fv2%2Fmedia&parent=8980"}],"curies":[{"name":"wp","href":"https:\/\/api.w.org\/{rel}","templated":true}]}}