{"id":9576,"date":"2015-04-26T01:07:09","date_gmt":"2015-04-26T01:07:09","guid":{"rendered":"https:\/\/www.maripepadechamberi.com\/?page_id=9576"},"modified":"2026-02-14T19:14:11","modified_gmt":"2026-02-14T19:14:11","slug":"noticias","status":"publish","type":"page","link":"https:\/\/www.maripepadechamberi.com\/?page_id=9576","title":{"rendered":"Algunas noticias y eventos:"},"content":{"rendered":"<div class=\"clearfix fbPhotoSnowliftAuthorInfo _xlu\">\n<div class=\"_xlr\" style=\"text-align: center;\">\n<div class=\"_xlr\" style=\"text-align: center;\">\n<div class=\"_xlr\" style=\"text-align: center;\">\n<p style=\"text-align: right;\"><a href=\"https:\/\/www.maripepadechamberi.com\/?page_id=10982\" class=\"sc-button light\" style=\"background-color: #ffffff; border-color: #ffffff; width: 80px; \"><span class=\"border\"><span class=\"wrap\"><span class=\"title\" style=\"color: #CC0000;\">ENGLISH<\/span><span class=\"description\"><\/span><\/span><\/span><\/a><\/p>\n<h1><span style=\"font-family: 'trebuchet ms', geneva, sans-serif; font-size: 14pt;\">19 \/ Diciembre \/ 2025 \u2013 Centro Cultural La Elipa (Madrid)<\/span><\/h1>\n<p><span style=\"font-size: 12pt; font-family: 'trebuchet ms', geneva, sans-serif;\">Un bonito encuentro con el maravilloso p\u00fablico del centro cultural \u201cLa Elipa\u201d, en un ambiente festivo con muchas ganas de cantar y pasarlo bien.<\/span><\/p>\n<p><span style=\"font-size: 12pt; font-family: 'trebuchet ms', geneva, sans-serif;\">(Fotos: Nieves Mart\u00ednez)<\/span><\/p>\n<p><a href=\"https:\/\/www.maripepadechamberi.com\/wp-content\/uploads\/2026\/02\/montajeelipa25.jpg\"><img loading=\"lazy\" decoding=\"async\" class=\"aligncenter size-full wp-image-13094\" src=\"https:\/\/www.maripepadechamberi.com\/wp-content\/uploads\/2026\/02\/montajeelipa25.jpg\" alt=\"\" width=\"583\" height=\"768\" srcset=\"https:\/\/www.maripepadechamberi.com\/wp-content\/uploads\/2026\/02\/montajeelipa25.jpg 583w, https:\/\/www.maripepadechamberi.com\/wp-content\/uploads\/2026\/02\/montajeelipa25-768x1011.jpg 768w\" sizes=\"auto, (max-width: 583px) 100vw, 583px\" \/><\/a><\/p>\n<hr \/>\n<h1><span style=\"font-family: 'trebuchet ms', geneva, sans-serif; font-size: 14pt;\">12 \/ Diciembre \/ 2025 \u2013 Centro Cultural Almirante Churruca &#8211; Homenaje a Gloria Fuertes<\/span><\/h1>\n<p><span style=\"font-size: 12pt; font-family: 'trebuchet ms', geneva, sans-serif;\">Un concierto muy entra\u00f1able con un p\u00fablico fabuloso que no dej\u00f3 de interactuar con Mari Pepa durante todo el espect\u00e1culo.<\/span><\/p>\n<p><span style=\"font-size: 12pt; font-family: 'trebuchet ms', geneva, sans-serif;\">Proyecciones con im\u00e1genes de la gran poeta, canciones populares, poemas y temas compuestos por Gloria Fuertes y Mari Pepa hicieron disfrutar mucho a los asistentes.\u00a0<\/span><\/p>\n<p><span style=\"font-size: 12pt; font-family: 'trebuchet ms', geneva, sans-serif;\">(Fotos: Nieves Mart\u00ednez)<\/span><\/p>\n<p><a href=\"https:\/\/www.maripepadechamberi.com\/wp-content\/uploads\/2026\/02\/montajechurruca2025111.jpg\"><img loading=\"lazy\" decoding=\"async\" class=\"aligncenter size-full wp-image-13091\" src=\"https:\/\/www.maripepadechamberi.com\/wp-content\/uploads\/2026\/02\/montajechurruca2025111.jpg\" alt=\"\" width=\"583\" height=\"768\" srcset=\"https:\/\/www.maripepadechamberi.com\/wp-content\/uploads\/2026\/02\/montajechurruca2025111.jpg 583w, https:\/\/www.maripepadechamberi.com\/wp-content\/uploads\/2026\/02\/montajechurruca2025111-768x1011.jpg 768w\" sizes=\"auto, (max-width: 583px) 100vw, 583px\" \/><\/a><\/p>\n<hr \/>\n<h1><span style=\"font-family: 'trebuchet ms', geneva, sans-serif; font-size: 14pt;\">5 \/ Diciembre \/ 2025 \u2013 Centro Cultural \u00c1gata ( Madrid ) &#8211; Navidad Castiza<\/span><\/h1>\n<p><span style=\"font-size: 12pt; font-family: 'trebuchet ms', geneva, sans-serif;\">Un concierto navide\u00f1o muy alegre y participativo.<\/span><\/p>\n<p><span style=\"font-size: 12pt; font-family: 'trebuchet ms', geneva, sans-serif;\">Canciones t\u00edpicas madrile\u00f1as, poemas, villancicos populares y composiciones de Mari Pepa, condujeron al p\u00fablico a trav\u00e9s de un espect\u00e1culo alegre y muy participativo.<\/span><\/p>\n<p><span style=\"font-size: 12pt; font-family: 'trebuchet ms', geneva, sans-serif;\">Muchos aplausos, mucho cari\u00f1o y mucha emoci\u00f3n. \u00a1Un bonito recuerdo!<\/span><\/p>\n<p><span style=\"font-size: 12pt; font-family: 'trebuchet ms', geneva, sans-serif;\">(fotos: Nieves Mart\u00ednez)<\/span><\/p>\n<p><a href=\"https:\/\/www.maripepadechamberi.com\/wp-content\/uploads\/2026\/02\/montajeagata25.jpg\"><img loading=\"lazy\" decoding=\"async\" class=\"aligncenter size-full wp-image-13088\" src=\"https:\/\/www.maripepadechamberi.com\/wp-content\/uploads\/2026\/02\/montajeagata25.jpg\" alt=\"\" width=\"583\" height=\"768\" srcset=\"https:\/\/www.maripepadechamberi.com\/wp-content\/uploads\/2026\/02\/montajeagata25.jpg 583w, https:\/\/www.maripepadechamberi.com\/wp-content\/uploads\/2026\/02\/montajeagata25-768x1011.jpg 768w\" sizes=\"auto, (max-width: 583px) 100vw, 583px\" \/><\/a><\/p>\n<hr \/>\n<h1><span style=\"font-family: 'trebuchet ms', geneva, sans-serif; font-size: 14pt;\">21\/ Noviembre \/ 2025 \u2013 Centro Cultural Bohemios ( Madrid )<\/span><\/h1>\n<p><span style=\"font-size: 12pt; font-family: 'trebuchet ms', geneva, sans-serif;\">\u00a1Una tarde maravillosa!<\/span><\/p>\n<p><span style=\"font-size: 12pt; font-family: 'trebuchet ms', geneva, sans-serif;\">Gracias a un p\u00fablico que acogi\u00f3 con gran entusiasmo y cari\u00f1o a Mari Pepa con su espect\u00e1culo-homenaje a Sara Montiel y particip\u00f3 cantando con ella durante todo el espect\u00e1culo.<\/span><\/p>\n<p><a href=\"https:\/\/www.maripepadechamberi.com\/wp-content\/uploads\/2026\/02\/montajebohemios25.jpg\"><img loading=\"lazy\" decoding=\"async\" class=\"aligncenter size-full wp-image-13083\" src=\"https:\/\/www.maripepadechamberi.com\/wp-content\/uploads\/2026\/02\/montajebohemios25.jpg\" alt=\"\" width=\"583\" height=\"768\" srcset=\"https:\/\/www.maripepadechamberi.com\/wp-content\/uploads\/2026\/02\/montajebohemios25.jpg 583w, https:\/\/www.maripepadechamberi.com\/wp-content\/uploads\/2026\/02\/montajebohemios25-768x1011.jpg 768w\" sizes=\"auto, (max-width: 583px) 100vw, 583px\" \/><\/a><\/p>\n<hr \/>\n<h1><span style=\"font-family: 'trebuchet ms', geneva, sans-serif; font-size: 14pt;\">3\/ Noviembre \/ 2025 \u2013 175 Aniversario del Chotis &#8211; Plaza de Oriente ( Madrid )<\/span><\/h1>\n<p><span style=\"font-family: 'trebuchet ms', geneva, sans-serif; font-size: 12pt;\">Unas im\u00e1genes del acto\u00a0 en la plaza de Oriente, celebrando el 175 aniversario de la llegada del chotis a Madrid.<\/span><\/p>\n<p><span style=\"font-family: 'trebuchet ms', geneva, sans-serif; font-size: 12pt;\">Un evento muy especial, muy concurrido y que llen\u00f3 la plaza de Oriente de castizos,\u00a0 vistiendo la indumentaria t\u00edpica de Madrid y muchos asistentes apoyando el acto.<\/span><\/p>\n<p><span style=\"font-family: 'trebuchet ms', geneva, sans-serif; font-size: 12pt;\">\u00a1Viva Madrid, viva el chotis, y un viva muy especial para quienes le siguen manteniendo vivo!<\/span><\/p>\n<p><a href=\"https:\/\/www.maripepadechamberi.com\/wp-content\/uploads\/2026\/01\/montajeoriente25.jpg\"><img loading=\"lazy\" decoding=\"async\" class=\"aligncenter size-full wp-image-13078\" src=\"https:\/\/www.maripepadechamberi.com\/wp-content\/uploads\/2026\/01\/montajeoriente25.jpg\" alt=\"\" width=\"583\" height=\"768\" srcset=\"https:\/\/www.maripepadechamberi.com\/wp-content\/uploads\/2026\/01\/montajeoriente25.jpg 583w, https:\/\/www.maripepadechamberi.com\/wp-content\/uploads\/2026\/01\/montajeoriente25-768x1011.jpg 768w\" sizes=\"auto, (max-width: 583px) 100vw, 583px\" \/><\/a><\/p>\n<hr \/>\n<h1><span style=\"font-family: 'trebuchet ms', geneva, sans-serif; font-size: 14pt;\">17 \/ Agosto \/ 2025 \u2013 Concierto en los Jardines de las Vistillas<\/span><\/h1>\n<p><span style=\"font-size: 12pt; font-family: 'trebuchet ms', geneva, sans-serif;\">Para despedir los eventos en las fiestas de La Paloma, Mari Pepa di\u00f3 un concierto en los jardines de las Vistillas con un p\u00fablico maravilloso, que disfrut\u00f3 participando con ella en cada canci\u00f3n, cre\u00e1ndose un ambiente muy festivo.<\/span><\/p>\n<p><a href=\"https:\/\/www.maripepadechamberi.com\/wp-content\/uploads\/2025\/11\/paloma62025.jpg\"><img loading=\"lazy\" decoding=\"async\" class=\"aligncenter size-full wp-image-13064\" src=\"https:\/\/www.maripepadechamberi.com\/wp-content\/uploads\/2025\/11\/paloma62025.jpg\" alt=\"\" width=\"583\" height=\"768\" srcset=\"https:\/\/www.maripepadechamberi.com\/wp-content\/uploads\/2025\/11\/paloma62025.jpg 583w, https:\/\/www.maripepadechamberi.com\/wp-content\/uploads\/2025\/11\/paloma62025-768x1011.jpg 768w\" sizes=\"auto, (max-width: 583px) 100vw, 583px\" \/><\/a><\/p>\n<hr \/>\n<h1><span style=\"font-family: 'trebuchet ms', geneva, sans-serif; font-size: 14pt;\">15 \/ Agosto \/ 2025 \u2013 D\u00eda de la Patrona popular de Madrid<\/span><\/h1>\n<p><span style=\"font-size: 12pt; font-family: 'trebuchet ms', geneva, sans-serif;\">Mari Pepa interpret\u00f3 el Padrenuestro de su autor\u00eda en la Misa Mayor y el Ave Mar\u00eda durante la bajada del cuadro por los bomberos de Madrid.<\/span><\/p>\n<p><span style=\"font-size: 12pt; font-family: 'trebuchet ms', geneva, sans-serif;\">Por la tarde, cant\u00f3 la Salve de su autor\u00eda ante el cuadro de la Virgen de la Paloma antes de que sacarla a procesionar.<\/span><\/p>\n<p><a href=\"https:\/\/www.maripepadechamberi.com\/wp-content\/uploads\/2025\/11\/paloma32025.jpg\"><img loading=\"lazy\" decoding=\"async\" class=\"aligncenter size-full wp-image-13057\" src=\"https:\/\/www.maripepadechamberi.com\/wp-content\/uploads\/2025\/11\/paloma32025.jpg\" alt=\"\" width=\"583\" height=\"687\" srcset=\"https:\/\/www.maripepadechamberi.com\/wp-content\/uploads\/2025\/11\/paloma32025.jpg 583w, https:\/\/www.maripepadechamberi.com\/wp-content\/uploads\/2025\/11\/paloma32025-768x905.jpg 768w\" sizes=\"auto, (max-width: 583px) 100vw, 583px\" \/><\/a><\/p>\n<p><a href=\"https:\/\/www.maripepadechamberi.com\/wp-content\/uploads\/2025\/11\/paloma42025.jpg\"><img loading=\"lazy\" decoding=\"async\" class=\"aligncenter size-full wp-image-13058\" src=\"https:\/\/www.maripepadechamberi.com\/wp-content\/uploads\/2025\/11\/paloma42025.jpg\" alt=\"\" width=\"583\" height=\"512\" srcset=\"https:\/\/www.maripepadechamberi.com\/wp-content\/uploads\/2025\/11\/paloma42025.jpg 583w, https:\/\/www.maripepadechamberi.com\/wp-content\/uploads\/2025\/11\/paloma42025-768x674.jpg 768w\" sizes=\"auto, (max-width: 583px) 100vw, 583px\" \/><\/a><\/p>\n<p><span style=\"font-size: 12pt; font-family: 'trebuchet ms', geneva, sans-serif;\">A las 12 de la noche cant\u00f3 la salve ante el cuadro de la Virgen en la Plaza de la Paja.<\/span><\/p>\n<p><a href=\"https:\/\/www.maripepadechamberi.com\/wp-content\/uploads\/2025\/11\/paloma52025.jpg\"><img loading=\"lazy\" decoding=\"async\" class=\"aligncenter size-full wp-image-13059\" src=\"https:\/\/www.maripepadechamberi.com\/wp-content\/uploads\/2025\/11\/paloma52025.jpg\" alt=\"\" width=\"583\" height=\"745\" srcset=\"https:\/\/www.maripepadechamberi.com\/wp-content\/uploads\/2025\/11\/paloma52025.jpg 583w, https:\/\/www.maripepadechamberi.com\/wp-content\/uploads\/2025\/11\/paloma52025-768x981.jpg 768w\" sizes=\"auto, (max-width: 583px) 100vw, 583px\" \/><\/a><\/p>\n<hr \/>\n<h1><span style=\"font-family: 'trebuchet ms', geneva, sans-serif; font-size: 14pt;\">11 \/ Agosto \/ 2025 \u2013 D\u00eda de los Castizos y concurso de Chot\u00eds<\/span><\/h1>\n<p><span style=\"font-family: 'trebuchet ms', geneva, sans-serif; font-size: 12pt;\">Emotiva como cada a\u00f1o fue la celebraci\u00f3n de la misa el d\u00eda de Los Castizos por la celebraci\u00f3n popular y por Mari Pepa, que\u00a0 interpret\u00f3 los cantos de la misa de su autor\u00eda.<\/span><\/p>\n<p><a href=\"https:\/\/www.maripepadechamberi.com\/wp-content\/uploads\/2025\/11\/paloma12025.jpg\"><img loading=\"lazy\" decoding=\"async\" class=\"aligncenter size-full wp-image-13053\" src=\"https:\/\/www.maripepadechamberi.com\/wp-content\/uploads\/2025\/11\/paloma12025.jpg\" alt=\"\" width=\"583\" height=\"768\" srcset=\"https:\/\/www.maripepadechamberi.com\/wp-content\/uploads\/2025\/11\/paloma12025.jpg 583w, https:\/\/www.maripepadechamberi.com\/wp-content\/uploads\/2025\/11\/paloma12025-768x1011.jpg 768w\" sizes=\"auto, (max-width: 583px) 100vw, 583px\" \/><\/a><span style=\"font-size: 12pt; font-family: 'trebuchet ms', geneva, sans-serif;\">Al finalizar la misa se celebr\u00f3 el V Concurso de Chotis organizado por la parroquia de la Virgen de la Paloma, con gran afluencia de p\u00fablico.<\/span><\/p>\n<p><span style=\"font-size: 12pt; font-family: 'trebuchet ms', geneva, sans-serif;\">Unas im\u00e1genes de los participantes, del jurado y de los ganadores del concurso.<\/span><\/p>\n<p><a href=\"https:\/\/www.maripepadechamberi.com\/wp-content\/uploads\/2025\/11\/paloma22025.jpg\"><img loading=\"lazy\" decoding=\"async\" class=\"aligncenter size-full wp-image-13054\" src=\"https:\/\/www.maripepadechamberi.com\/wp-content\/uploads\/2025\/11\/paloma22025.jpg\" alt=\"\" width=\"583\" height=\"725\" srcset=\"https:\/\/www.maripepadechamberi.com\/wp-content\/uploads\/2025\/11\/paloma22025.jpg 583w, https:\/\/www.maripepadechamberi.com\/wp-content\/uploads\/2025\/11\/paloma22025-768x955.jpg 768w\" sizes=\"auto, (max-width: 583px) 100vw, 583px\" \/><\/a><\/p>\n<hr \/>\n<h1><span style=\"font-family: 'trebuchet ms', geneva, sans-serif; font-size: 14pt;\">17 \/ Mayo \/ 2025 \u2013 Centro Cultural Oporto (Madrid)<\/span><\/h1>\n<p><span style=\"font-size: 12pt; font-family: 'trebuchet ms', geneva, sans-serif;\">Una bonita tarde de concierto con una sala llena y un p\u00fablico estupendo. Muchas caras conocidas y mucha participaci\u00f3n del p\u00fablico.<\/span><\/p>\n<p><a href=\"https:\/\/www.maripepadechamberi.com\/wp-content\/uploads\/2025\/06\/montajeoporto25.jpg\"><img loading=\"lazy\" decoding=\"async\" class=\"aligncenter size-full wp-image-13049\" src=\"https:\/\/www.maripepadechamberi.com\/wp-content\/uploads\/2025\/06\/montajeoporto25.jpg\" alt=\"\" width=\"583\" height=\"768\" srcset=\"https:\/\/www.maripepadechamberi.com\/wp-content\/uploads\/2025\/06\/montajeoporto25.jpg 583w, https:\/\/www.maripepadechamberi.com\/wp-content\/uploads\/2025\/06\/montajeoporto25-768x1011.jpg 768w\" sizes=\"auto, (max-width: 583px) 100vw, 583px\" \/><\/a><\/p>\n<hr \/>\n<h1><span style=\"font-family: 'trebuchet ms', geneva, sans-serif; font-size: 14pt;\">16 \/ Mayo \/ 2025 \u2013 Centro Cultural Almirante Churruca (Madrid)<\/span><\/h1>\n<p><span style=\"font-size: 12pt; font-family: 'trebuchet ms', geneva, sans-serif;\">Concierto muy exitoso, con mucho p\u00fablico que disfrut\u00f3 con las canciones de Mari Pepa y qued\u00f3 con ganas de m\u00e1s. Ambiente muy festivo.<\/span><\/p>\n<p><a href=\"https:\/\/www.maripepadechamberi.com\/wp-content\/uploads\/2025\/06\/1churruca25.jpg\"><img loading=\"lazy\" decoding=\"async\" class=\"aligncenter size-full wp-image-13045\" src=\"https:\/\/www.maripepadechamberi.com\/wp-content\/uploads\/2025\/06\/1churruca25.jpg\" alt=\"\" width=\"583\" height=\"768\" srcset=\"https:\/\/www.maripepadechamberi.com\/wp-content\/uploads\/2025\/06\/1churruca25.jpg 583w, https:\/\/www.maripepadechamberi.com\/wp-content\/uploads\/2025\/06\/1churruca25-768x1011.jpg 768w\" sizes=\"auto, (max-width: 583px) 100vw, 583px\" \/><\/a><\/p>\n<p><a href=\"https:\/\/www.maripepadechamberi.com\/wp-content\/uploads\/2025\/06\/2churruca25.jpg\"><img loading=\"lazy\" decoding=\"async\" class=\"aligncenter size-full wp-image-13046\" src=\"https:\/\/www.maripepadechamberi.com\/wp-content\/uploads\/2025\/06\/2churruca25.jpg\" alt=\"\" width=\"583\" height=\"401\" srcset=\"https:\/\/www.maripepadechamberi.com\/wp-content\/uploads\/2025\/06\/2churruca25.jpg 583w, https:\/\/www.maripepadechamberi.com\/wp-content\/uploads\/2025\/06\/2churruca25-768x528.jpg 768w\" sizes=\"auto, (max-width: 583px) 100vw, 583px\" \/><\/a><\/p>\n<hr \/>\n<h1><span style=\"font-family: 'trebuchet ms', geneva, sans-serif; font-size: 14pt;\">15 \/ Mayo \/ 2025 \u2013 San Isidro 2025 &#8211; Jardines de las Vistillas (Madrid)<\/span><\/h1>\n<p><span style=\"font-size: 12pt; font-family: 'trebuchet ms', geneva, sans-serif;\">Un concierto memorable, un recinto repleto de un p\u00fablico maravilloso; mucha juventud ataviada con el traje castizo, que particip\u00f3 constantemente del espect\u00e1culo cantando y que hizo que la\u00a0 gala fuera un derroche de alegr\u00eda y una muestra permanente de cari\u00f1o y admiraci\u00f3n hacia Mari Pepa, que, muy emocionada les daba las gracias y se desped\u00eda despu\u00e9s de unos bises.<\/span><\/p>\n<p><a href=\"https:\/\/www.maripepadechamberi.com\/wp-content\/uploads\/2025\/06\/montsanisidro251.jpg\"><img loading=\"lazy\" decoding=\"async\" class=\"aligncenter size-full wp-image-13041\" src=\"https:\/\/www.maripepadechamberi.com\/wp-content\/uploads\/2025\/06\/montsanisidro251.jpg\" alt=\"\" width=\"583\" height=\"768\" srcset=\"https:\/\/www.maripepadechamberi.com\/wp-content\/uploads\/2025\/06\/montsanisidro251.jpg 583w, https:\/\/www.maripepadechamberi.com\/wp-content\/uploads\/2025\/06\/montsanisidro251-768x1011.jpg 768w\" sizes=\"auto, (max-width: 583px) 100vw, 583px\" \/><\/a><\/p>\n<p><span style=\"font-size: 12pt; font-family: 'trebuchet ms', geneva, sans-serif;\">Miguel Tub\u00eda genial en el piano y Esther y Jes\u00fas M\u00e1rquez hicieron las delicias del p\u00fablico con su maestr\u00eda bailando chotis y pasodobles.<\/span><\/p>\n<p><a href=\"https:\/\/www.maripepadechamberi.com\/wp-content\/uploads\/2025\/06\/montsanisidro252.jpg\"><img loading=\"lazy\" decoding=\"async\" class=\"aligncenter size-full wp-image-13042\" src=\"https:\/\/www.maripepadechamberi.com\/wp-content\/uploads\/2025\/06\/montsanisidro252.jpg\" alt=\"\" width=\"583\" height=\"768\" srcset=\"https:\/\/www.maripepadechamberi.com\/wp-content\/uploads\/2025\/06\/montsanisidro252.jpg 583w, https:\/\/www.maripepadechamberi.com\/wp-content\/uploads\/2025\/06\/montsanisidro252-768x1011.jpg 768w\" sizes=\"auto, (max-width: 583px) 100vw, 583px\" \/><\/a><\/p>\n<hr \/>\n<h1><span style=\"font-family: 'trebuchet ms', geneva, sans-serif; font-size: 14pt;\">8 \/ Marzo \/ 2025 \u2013 Castiza y poeta &#8211; C.C. Garc\u00eda Lorca (Madrid)<\/span><\/h1>\n<p><span style=\"font-size: 12pt; font-family: 'trebuchet ms', geneva, sans-serif;\">Entra\u00f1able y exitoso el concierto-homenaje de Mari Pepa a la gran poeta Gloria Fuertes, en el C. C. Garc\u00eda Lorca de Madrid.<\/span><\/p>\n<p><a href=\"https:\/\/www.maripepadechamberi.com\/wp-content\/uploads\/2025\/04\/ccgarcialorca1.jpg\"><img loading=\"lazy\" decoding=\"async\" class=\"aligncenter size-full wp-image-13033\" src=\"https:\/\/www.maripepadechamberi.com\/wp-content\/uploads\/2025\/04\/ccgarcialorca1.jpg\" alt=\"\" width=\"583\" height=\"768\" srcset=\"https:\/\/www.maripepadechamberi.com\/wp-content\/uploads\/2025\/04\/ccgarcialorca1.jpg 583w, https:\/\/www.maripepadechamberi.com\/wp-content\/uploads\/2025\/04\/ccgarcialorca1-768x1011.jpg 768w\" sizes=\"auto, (max-width: 583px) 100vw, 583px\" \/><\/a><\/p>\n<p><span style=\"font-size: 12pt; font-family: 'trebuchet ms', geneva, sans-serif;\">Im\u00e1genes, canciones y poemas dedicados a Gloria Fuertes y a un p\u00fablico entregad\u00edsimo.<\/span><\/p>\n<p><span style=\"font-size: 12pt; font-family: 'trebuchet ms', geneva, sans-serif;\">(Fotos: Nieves Mart\u00ednez)<\/span><\/p>\n<p><a href=\"https:\/\/www.maripepadechamberi.com\/wp-content\/uploads\/2025\/04\/ccgarcialorca2.jpg\"><img loading=\"lazy\" decoding=\"async\" class=\"aligncenter size-full wp-image-13034\" src=\"https:\/\/www.maripepadechamberi.com\/wp-content\/uploads\/2025\/04\/ccgarcialorca2.jpg\" alt=\"\" width=\"583\" height=\"768\" srcset=\"https:\/\/www.maripepadechamberi.com\/wp-content\/uploads\/2025\/04\/ccgarcialorca2.jpg 583w, https:\/\/www.maripepadechamberi.com\/wp-content\/uploads\/2025\/04\/ccgarcialorca2-768x1011.jpg 768w\" sizes=\"auto, (max-width: 583px) 100vw, 583px\" \/><\/a><\/p>\n<\/div>\n<\/div>\n<\/div>\n<\/div>\n<div>\n<div>\n<div><span style=\"font-family: 'trebuchet ms', geneva, sans-serif; font-size: 12pt;\">&#8212;&#8212;&#8212;&#8212;&#8212;&#8212;- Pincha <a href=\"https:\/\/www.maripepadechamberi.com\/?page_id=13069\">aqu\u00ed<\/a> para ver Eventos 2024 &#8212;&#8212;&#8212;&#8212;&#8212;&#8212;&#8212;&#8212;&#8212;&#8212;<\/span><\/div>\n<div><\/div>\n<\/div>\n<\/div>\n","protected":false},"excerpt":{"rendered":"<p>19 \/ Diciembre \/ 2025 \u2013 Centro Cultural La Elipa (Madrid) Un bonito encuentro con el maravilloso p\u00fablico del centro cultural \u201cLa Elipa\u201d, en un ambiente festivo con muchas ganas de cantar y pasarlo bien. (Fotos: Nieves Mart\u00ednez) 12 \/ Diciembre \/ 2025 \u2013 Centro Cultural Almirante Churruca &#8211; Homenaje a Gloria Fuertes Un concierto [&hellip;]<\/p>\n","protected":false},"author":2,"featured_media":0,"parent":0,"menu_order":0,"comment_status":"open","ping_status":"open","template":"","meta":{"footnotes":""},"class_list":["post-9576","page","type-page","status-publish","hentry"],"_links":{"self":[{"href":"https:\/\/www.maripepadechamberi.com\/index.php?rest_route=\/wp\/v2\/pages\/9576","targetHints":{"allow":["GET"]}}],"collection":[{"href":"https:\/\/www.maripepadechamberi.com\/index.php?rest_route=\/wp\/v2\/pages"}],"about":[{"href":"https:\/\/www.maripepadechamberi.com\/index.php?rest_route=\/wp\/v2\/types\/page"}],"author":[{"embeddable":true,"href":"https:\/\/www.maripepadechamberi.com\/index.php?rest_route=\/wp\/v2\/users\/2"}],"replies":[{"embeddable":true,"href":"https:\/\/www.maripepadechamberi.com\/index.php?rest_route=%2Fwp%2Fv2%2Fcomments&post=9576"}],"version-history":[{"count":872,"href":"https:\/\/www.maripepadechamberi.com\/index.php?rest_route=\/wp\/v2\/pages\/9576\/revisions"}],"predecessor-version":[{"id":13095,"href":"https:\/\/www.maripepadechamberi.com\/index.php?rest_route=\/wp\/v2\/pages\/9576\/revisions\/13095"}],"wp:attachment":[{"href":"https:\/\/www.maripepadechamberi.com\/index.php?rest_route=%2Fwp%2Fv2%2Fmedia&parent=9576"}],"curies":[{"name":"wp","href":"https:\/\/api.w.org\/{rel}","templated":true}]}}