{"id":9594,"date":"2015-04-26T01:50:55","date_gmt":"2015-04-26T01:50:55","guid":{"rendered":"https:\/\/www.maripepadechamberi.com\/?page_id=9594"},"modified":"2015-09-03T22:39:54","modified_gmt":"2015-09-03T22:39:54","slug":"canta-corazon-de-mujer","status":"publish","type":"page","link":"https:\/\/www.maripepadechamberi.com\/?page_id=9594","title":{"rendered":"\u00a1 CANTA, CORAZ\u00d3N DE MUJER !"},"content":{"rendered":"<p style=\"text-align: right;\" data-canvas-width=\"310.9321331919365\"><a href=\"https:\/\/www.maripepadechamberi.com\/?page_id=10126\" class=\"sc-button light\" style=\"background-color: #FFFFFF; border-color: #FFFFFF; width: 80px; \"><span class=\"border\"><span class=\"wrap\"><span class=\"title\" style=\"color: #CC0000;\">ENGLISH<\/span><span class=\"description\"><\/span><\/span><\/span><\/a><\/p>\n<p style=\"text-align: center;\" data-canvas-width=\"310.9321331919365\"><span style=\"font-size: 12pt; font-family: 'trebuchet ms', geneva, sans-serif;\">Un espect\u00e1culo alegre y participativo pensado para ser programado el d\u00eda de la \u201c<strong>Mujer Trabajadora<\/strong>\u201d, en el que la cantante y compositora, interpreta canciones cuyo texto dedica a las mujeres.<\/span><\/p>\n<p style=\"text-align: center;\" data-canvas-width=\"310.9321331919365\"><span style=\"font-size: 12pt; font-family: 'trebuchet ms', geneva, sans-serif;\">Interpretar\u00e1 tambi\u00e9n sus composiciones \u201c<strong>AMOR Y MIEDO<\/strong>\u201d, con un texto relativo a la violencia de g\u00e9nero, y \u201c<strong>MUJER CASADA<\/strong>\u201d , cuya letra es una adaptaci\u00f3n de un poema de Gloria Fuertes.<\/span><\/p>\n<p style=\"text-align: center;\" data-canvas-width=\"310.9321331919365\"><span style=\"font-size: 12pt; font-family: 'trebuchet ms', geneva, sans-serif;\"><img loading=\"lazy\" decoding=\"async\" class=\"wp-image-10125 aligncenter\" style=\"border: 3px solid black;\" src=\"https:\/\/www.maripepadechamberi.com\/wp-content\/uploads\/2015\/04\/cantacorazon.jpg\" alt=\"cantacorazon\" width=\"614\" height=\"461\" \/><\/span><\/p>\n<ul>\n<li><span style=\"font-size: 12pt; font-family: 'trebuchet ms', geneva, sans-serif;\">Se representa en varios formatos y seg\u00fan el elegido por Vds: \u00a0\u00a0act\u00faa acompa\u00f1ada de pianista, tr\u00edo, quinteto, orquesta en formato de c\u00e1mara, ballet, etc<b>\u2026<\/b>\u00a0Para adaptarse a sus necesidades de \u00a0presupuesto y espacio.<\/span><\/li>\n<\/ul>\n<ul>\n<li><span style=\"font-size: 12pt; font-family: 'trebuchet ms', geneva, sans-serif;\">La duraci\u00f3n, dependiendo del formato, ser\u00eda de 1 a 2 horas<\/span><\/li>\n<\/ul>\n","protected":false},"excerpt":{"rendered":"<p>Un espect\u00e1culo alegre y participativo pensado para ser programado el d\u00eda de la \u201cMujer Trabajadora\u201d, en el que la cantante y compositora, interpreta canciones cuyo texto dedica a las mujeres. Interpretar\u00e1 tambi\u00e9n sus composiciones \u201cAMOR Y MIEDO\u201d, con un texto relativo a la violencia de g\u00e9nero, y \u201cMUJER CASADA\u201d , cuya letra es una adaptaci\u00f3n [&hellip;]<\/p>\n","protected":false},"author":2,"featured_media":0,"parent":8839,"menu_order":5,"comment_status":"open","ping_status":"open","template":"","meta":{"footnotes":""},"class_list":["post-9594","page","type-page","status-publish","hentry"],"_links":{"self":[{"href":"https:\/\/www.maripepadechamberi.com\/index.php?rest_route=\/wp\/v2\/pages\/9594","targetHints":{"allow":["GET"]}}],"collection":[{"href":"https:\/\/www.maripepadechamberi.com\/index.php?rest_route=\/wp\/v2\/pages"}],"about":[{"href":"https:\/\/www.maripepadechamberi.com\/index.php?rest_route=\/wp\/v2\/types\/page"}],"author":[{"embeddable":true,"href":"https:\/\/www.maripepadechamberi.com\/index.php?rest_route=\/wp\/v2\/users\/2"}],"replies":[{"embeddable":true,"href":"https:\/\/www.maripepadechamberi.com\/index.php?rest_route=%2Fwp%2Fv2%2Fcomments&post=9594"}],"version-history":[{"count":12,"href":"https:\/\/www.maripepadechamberi.com\/index.php?rest_route=\/wp\/v2\/pages\/9594\/revisions"}],"predecessor-version":[{"id":10899,"href":"https:\/\/www.maripepadechamberi.com\/index.php?rest_route=\/wp\/v2\/pages\/9594\/revisions\/10899"}],"up":[{"embeddable":true,"href":"https:\/\/www.maripepadechamberi.com\/index.php?rest_route=\/wp\/v2\/pages\/8839"}],"wp:attachment":[{"href":"https:\/\/www.maripepadechamberi.com\/index.php?rest_route=%2Fwp%2Fv2%2Fmedia&parent=9594"}],"curies":[{"name":"wp","href":"https:\/\/api.w.org\/{rel}","templated":true}]}}