{"id":9596,"date":"2015-04-26T01:51:33","date_gmt":"2015-04-26T01:51:33","guid":{"rendered":"https:\/\/www.maripepadechamberi.com\/?page_id=9596"},"modified":"2015-09-03T22:50:17","modified_gmt":"2015-09-03T22:50:17","slug":"el-sentir-navideno","status":"publish","type":"page","link":"https:\/\/www.maripepadechamberi.com\/?page_id=9596","title":{"rendered":"El Sentir Navide\u00f1o"},"content":{"rendered":"<p style=\"text-align: right;\"><a href=\"https:\/\/www.maripepadechamberi.com\/?page_id=9902\" class=\"sc-button light\" style=\"background-color: #FFFFFF; border-color: #FFFFFF; width: 80px; \"><span class=\"border\"><span class=\"wrap\"><span class=\"title\" style=\"color: #CC0000;\">ENGLISH<\/span><span class=\"description\"><\/span><\/span><\/span><\/a><\/p>\n<p><span style=\"font-size: 12pt; font-family: 'trebuchet ms', geneva, sans-serif;\">Un entra\u00f1able espect\u00e1culo de <strong>MARI PEPA DE CHAMBER\u00cd<\/strong>,<br \/>\nespecialmente dise\u00f1ado para las fiestas Navide\u00f1as.<br \/>\n<\/span><\/p>\n<p><span style=\"font-size: 12pt; font-family: 'trebuchet ms', geneva, sans-serif;\">Repertorio a base de:<img loading=\"lazy\" decoding=\"async\" class=\"alignright wp-image-9905 size-medium\" style=\"border: 2px solid #000000;\" src=\"https:\/\/www.maripepadechamberi.com\/wp-content\/uploads\/2015\/04\/navidadcastiza-1-300x300.jpg\" alt=\"navidadcastiza 1\" width=\"300\" height=\"300\" srcset=\"https:\/\/www.maripepadechamberi.com\/wp-content\/uploads\/2015\/04\/navidadcastiza-1-300x300.jpg 300w, https:\/\/www.maripepadechamberi.com\/wp-content\/uploads\/2015\/04\/navidadcastiza-1-150x150.jpg 150w, https:\/\/www.maripepadechamberi.com\/wp-content\/uploads\/2015\/04\/navidadcastiza-1-1024x1024.jpg 1024w\" sizes=\"auto, (max-width: 300px) 100vw, 300px\" \/><\/span><\/p>\n<p><span style=\"font-size: 12pt; font-family: 'trebuchet ms', geneva, sans-serif;\">&#8211;\u00a0\u00a0\u00a0\u00a0\u00a0\u00a0 <strong>VILLANCICOS<\/strong><\/span><\/p>\n<p><strong><span style=\"font-size: 12pt; font-family: 'trebuchet ms', geneva, sans-serif;\">&#8211;\u00a0\u00a0\u00a0\u00a0\u00a0\u00a0 POEMAS NAVIDE\u00d1OS DE GLORIA FUERTES <\/span><\/strong><\/p>\n<p><span style=\"font-size: 12pt; font-family: 'trebuchet ms', geneva, sans-serif;\"><strong>&#8211;\u00a0\u00a0\u00a0\u00a0\u00a0\u00a0 \u00a0CANCIONES POPULARES<\/strong><b> \u00a0<\/b><\/span><\/p>\n<p><span style=\"font-size: 12pt; font-family: 'trebuchet ms', geneva, sans-serif;\">Se representa en varios formatos y seg\u00fan el elegido por Vds:\u00a0\u00a0 act\u00faa acompa\u00f1ada de pianista, tr\u00edo, quinteto, orquesta en formato de c\u00e1mara, ballet, etc<b>\u2026<\/b> Para adaptarse a necesidades de\u00a0 presupuesto y espacio.<\/span><\/p>\n<p>&nbsp;<\/p>\n<ul>\n<li><span style=\"font-size: 12pt; font-family: 'trebuchet ms', geneva, sans-serif;\">La duraci\u00f3n, dependiendo del formato, ser\u00eda de 1 a 2 horas .<\/span><\/li>\n<\/ul>\n","protected":false},"excerpt":{"rendered":"<p>Un entra\u00f1able espect\u00e1culo de MARI PEPA DE CHAMBER\u00cd, especialmente dise\u00f1ado para las fiestas Navide\u00f1as. Repertorio a base de: &#8211;\u00a0\u00a0\u00a0\u00a0\u00a0\u00a0 VILLANCICOS &#8211;\u00a0\u00a0\u00a0\u00a0\u00a0\u00a0 POEMAS NAVIDE\u00d1OS DE GLORIA FUERTES &#8211;\u00a0\u00a0\u00a0\u00a0\u00a0\u00a0 \u00a0CANCIONES POPULARES \u00a0 Se representa en varios formatos y seg\u00fan el elegido por Vds:\u00a0\u00a0 act\u00faa acompa\u00f1ada de pianista, tr\u00edo, quinteto, orquesta en formato de c\u00e1mara, ballet, etc\u2026 Para [&hellip;]<\/p>\n","protected":false},"author":2,"featured_media":0,"parent":8839,"menu_order":6,"comment_status":"open","ping_status":"open","template":"","meta":{"footnotes":""},"class_list":["post-9596","page","type-page","status-publish","hentry"],"_links":{"self":[{"href":"https:\/\/www.maripepadechamberi.com\/index.php?rest_route=\/wp\/v2\/pages\/9596","targetHints":{"allow":["GET"]}}],"collection":[{"href":"https:\/\/www.maripepadechamberi.com\/index.php?rest_route=\/wp\/v2\/pages"}],"about":[{"href":"https:\/\/www.maripepadechamberi.com\/index.php?rest_route=\/wp\/v2\/types\/page"}],"author":[{"embeddable":true,"href":"https:\/\/www.maripepadechamberi.com\/index.php?rest_route=\/wp\/v2\/users\/2"}],"replies":[{"embeddable":true,"href":"https:\/\/www.maripepadechamberi.com\/index.php?rest_route=%2Fwp%2Fv2%2Fcomments&post=9596"}],"version-history":[{"count":16,"href":"https:\/\/www.maripepadechamberi.com\/index.php?rest_route=\/wp\/v2\/pages\/9596\/revisions"}],"predecessor-version":[{"id":10904,"href":"https:\/\/www.maripepadechamberi.com\/index.php?rest_route=\/wp\/v2\/pages\/9596\/revisions\/10904"}],"up":[{"embeddable":true,"href":"https:\/\/www.maripepadechamberi.com\/index.php?rest_route=\/wp\/v2\/pages\/8839"}],"wp:attachment":[{"href":"https:\/\/www.maripepadechamberi.com\/index.php?rest_route=%2Fwp%2Fv2%2Fmedia&parent=9596"}],"curies":[{"name":"wp","href":"https:\/\/api.w.org\/{rel}","templated":true}]}}