{"id":9696,"date":"2015-04-28T15:55:39","date_gmt":"2015-04-28T15:55:39","guid":{"rendered":"https:\/\/www.maripepadechamberi.com\/?page_id=9696"},"modified":"2015-09-03T22:11:56","modified_gmt":"2015-09-03T22:11:56","slug":"the-magic-of-the-couple","status":"publish","type":"page","link":"https:\/\/www.maripepadechamberi.com\/?page_id=9696","title":{"rendered":"The Magic of the Coupl\u00e9"},"content":{"rendered":"<p style=\"text-align: right;\" data-canvas-width=\"414.59966115127986\"><a href=\" https:\/\/www.maripepadechamberi.com\/?page_id=8841\" class=\"sc-button light\" style=\"background-color: #ffffff; border-color: #ffffff; width: 80px; \"><span class=\"border\"><span class=\"wrap\"><span class=\"title\" style=\"color: #CC0000;\">ESPA\u00d1OL<\/span><span class=\"description\"><\/span><\/span><\/span><\/a><\/p>\n<p data-canvas-width=\"414.59966115127986\"><span style=\"font-size: 12pt; font-family: 'trebuchet ms', geneva, sans-serif;\">In this show, the singer and songwriter <strong>Pepa Chamber\u00ed<\/strong>, she plays rhythm of <em><strong>couplets, Pasodobles, Tango&#8230;<\/strong><\/em> the most popular songs of the genre as:<\/span><\/p>\n<p style=\"text-align: center;\" data-canvas-width=\"78.92502859992\"><span style=\"font-size: 12pt; font-family: 'trebuchet ms', geneva, sans-serif;\"><img loading=\"lazy\" decoding=\"async\" class=\"alignleft\" style=\"border: 4px solid black;\" src=\"https:\/\/www.maripepadechamberi.com\/wp-content\/uploads\/2013\/05\/foto-1.jpg\" alt=\"foto 1\" width=\"212\" height=\"296\" \/><\/span><\/p>\n<p align=\"center\"><span style=\"font-size: 12pt; font-family: 'trebuchet ms', geneva, sans-serif;\"><em><strong>Los nardos<\/strong><\/em><\/span><\/p>\n<p align=\"center\"><span style=\"font-size: 12pt; font-family: 'trebuchet ms', geneva, sans-serif;\"><em><strong>Batall\u00f3n de modistillas<\/strong><\/em><\/span><\/p>\n<p align=\"center\"><span style=\"font-size: 12pt; font-family: 'trebuchet ms', geneva, sans-serif;\"><em><strong>La chica del 17<\/strong><\/em><\/span><\/p>\n<p align=\"center\"><span style=\"font-size: 12pt; font-family: 'trebuchet ms', geneva, sans-serif;\"><em><strong>El polichinela<\/strong><\/em><\/span><\/p>\n<p align=\"center\"><span style=\"font-size: 12pt; font-family: 'trebuchet ms', geneva, sans-serif;\"><em><strong>El d\u00eda que me quieras<\/strong><\/em><\/span><\/p>\n<p align=\"center\"><span style=\"font-size: 12pt; font-family: 'trebuchet ms', geneva, sans-serif;\"><em><strong>El relicario<\/strong><\/em><\/span><\/p>\n<p align=\"center\"><span style=\"font-size: 12pt; font-family: 'trebuchet ms', geneva, sans-serif;\"><em><strong>T\u00e1pame<\/strong><\/em><\/span><\/p>\n<p align=\"center\"><span style=\"font-size: 12pt; font-family: 'trebuchet ms', geneva, sans-serif;\"><em><strong>Nena<\/strong><\/em><\/span><\/p>\n<p align=\"center\"><span style=\"font-size: 12pt; font-family: 'trebuchet ms', geneva, sans-serif;\"><em><strong>La violetera<\/strong><\/em><\/span><\/p>\n<p style=\"text-align: center;\" data-canvas-width=\"405.22165962103986\"><span style=\"font-size: 12pt; font-family: 'trebuchet ms', geneva, sans-serif;\">The public shares the protagonism of the show, singing, <em>PEPA<\/em>, since<em><strong> it is a very participatory spectacle<\/strong><\/em>.<\/span><\/p>\n<p style=\"text-align: center;\" data-canvas-width=\"405.22165962103986\"><span style=\"font-size: 12pt; font-family: 'trebuchet ms', geneva, sans-serif;\"><img loading=\"lazy\" decoding=\"async\" class=\"aligncenter\" style=\"border: 4px solid black;\" src=\"https:\/\/www.maripepadechamberi.com\/wp-content\/uploads\/2013\/05\/foto-2.jpg\" alt=\"foto 2\" width=\"515\" height=\"213\" \/><\/span><\/p>\n<p><span style=\"font-size: 12pt; font-family: 'trebuchet ms', geneva, sans-serif;\">&#8211; Is represented in various formats and according to chosen by Vds: <em><strong>Mari Pepa<\/strong><\/em> acts accompanied by pianist, trio, quintet and Orchestra in format camera, ballet, etc&#8230; To suit your budget and space needs.<\/span><\/p>\n<p data-canvas-width=\"416.2734669762399\"><span style=\"font-size: 12pt; font-family: 'trebuchet ms', geneva, sans-serif;\">&#8211; The duration, depending on the format, would be 1-2 hours.<\/span><\/p>\n<div style=\"text-align: center;\" data-canvas-width=\"416.2734669762399\">\n<div class=\"sc-video border\"><div class=\"wrap\"><iframe loading=\"lazy\" width=\"100%\" height=\"350px\" src=\"http:\/\/www.youtube.com\/embed\/E7UY49HBUsQ?wmode=opaque\"><\/iframe><\/div><\/div>\n<\/div>\n","protected":false},"excerpt":{"rendered":"<p>In this show, the singer and songwriter Pepa Chamber\u00ed, she plays rhythm of couplets, Pasodobles, Tango&#8230; the most popular songs of the genre as: Los nardos Batall\u00f3n de modistillas La chica del 17 El polichinela El d\u00eda que me quieras El relicario T\u00e1pame Nena La violetera The public shares the protagonism of the show, singing, [&hellip;]<\/p>\n","protected":false},"author":2,"featured_media":0,"parent":8841,"menu_order":0,"comment_status":"open","ping_status":"closed","template":"","meta":{"footnotes":""},"class_list":["post-9696","page","type-page","status-publish","hentry"],"_links":{"self":[{"href":"https:\/\/www.maripepadechamberi.com\/index.php?rest_route=\/wp\/v2\/pages\/9696","targetHints":{"allow":["GET"]}}],"collection":[{"href":"https:\/\/www.maripepadechamberi.com\/index.php?rest_route=\/wp\/v2\/pages"}],"about":[{"href":"https:\/\/www.maripepadechamberi.com\/index.php?rest_route=\/wp\/v2\/types\/page"}],"author":[{"embeddable":true,"href":"https:\/\/www.maripepadechamberi.com\/index.php?rest_route=\/wp\/v2\/users\/2"}],"replies":[{"embeddable":true,"href":"https:\/\/www.maripepadechamberi.com\/index.php?rest_route=%2Fwp%2Fv2%2Fcomments&post=9696"}],"version-history":[{"count":14,"href":"https:\/\/www.maripepadechamberi.com\/index.php?rest_route=\/wp\/v2\/pages\/9696\/revisions"}],"predecessor-version":[{"id":10886,"href":"https:\/\/www.maripepadechamberi.com\/index.php?rest_route=\/wp\/v2\/pages\/9696\/revisions\/10886"}],"up":[{"embeddable":true,"href":"https:\/\/www.maripepadechamberi.com\/index.php?rest_route=\/wp\/v2\/pages\/8841"}],"wp:attachment":[{"href":"https:\/\/www.maripepadechamberi.com\/index.php?rest_route=%2Fwp%2Fv2%2Fmedia&parent=9696"}],"curies":[{"name":"wp","href":"https:\/\/api.w.org\/{rel}","templated":true}]}}